{"id":610,"date":"2024-11-12T12:12:39","date_gmt":"2024-11-12T11:12:39","guid":{"rendered":"https:\/\/lebensfragen.at\/?post_type=product&#038;p=610"},"modified":"2026-03-24T09:20:35","modified_gmt":"2026-03-24T08:20:35","slug":"jahresvorschau-2025-dein-persoenlicher-wegbegleiter-durch-das-kommende-jahr-2025","status":"publish","type":"product","link":"https:\/\/lebensfragen.at\/index.php\/product\/jahresvorschau-2025-dein-persoenlicher-wegbegleiter-durch-das-kommende-jahr-2025\/","title":{"rendered":"Jahresvorschau 2027 &#8211; dein pers\u00f6nlicher Wegbegleiter durch das kommende Jahr 2027"},"content":{"rendered":"<p><span style=\"font-weight: 400;\">Diese Jahresvorschau wird ein wenig anders sein, als du sie vielleicht bisher von mir erhalten oder vielleicht schon davon geh\u00f6rt hast.<\/span><\/p>\n<p><span style=\"font-weight: 400;\">Es gibt eine ausf\u00fchrliche Zusammenfassung auf die Frage \u201cwas kommt in diesem Jahr auf mich zu? Worauf musst ich achten?\u00a0<\/span><\/p>\n<p><span style=\"font-weight: 400;\">Das heisst deine Jahresvorschau beinhaltet alles, was ich f\u00fcr dein kommendes Jahr empfangen und an dich weitergeben darf. Du erh\u00e4ltst hier nicht nur einen ausf\u00fchrlichen Wegweiser durch dein kommendes Jahr sondern noch viel mehr.\u00a0<\/span><\/p>\n<p><span style=\"font-weight: 400;\">So wird deine Jahresvorschau auch einen starken Energiefluss erhalten und diese sich in Form einer\u00a0<\/span><\/p>\n<ul>\n<li style=\"font-weight: 400;\" aria-level=\"1\"><span style=\"font-weight: 400;\">Blockadenl\u00f6sung (auch hierzu wirst du schriftlich dar\u00fcber informiert werden)\u00a0<\/span><\/li>\n<li style=\"font-weight: 400;\" aria-level=\"1\"><span style=\"font-weight: 400;\">Energie sowie Chakrenreinigung<\/span><\/li>\n<li style=\"font-weight: 400;\" aria-level=\"1\"><span style=\"font-weight: 400;\">Reinigung der Organe<\/span><\/li>\n<li style=\"font-weight: 400;\" aria-level=\"1\"><span style=\"font-weight: 400;\">Botschaft deiner spirituellen Wegbegleiter<\/span><\/li>\n<li style=\"font-weight: 400;\" aria-level=\"1\"><span style=\"font-weight: 400;\">Seelenzahl f\u00fcr das kommende Jahr<\/span><\/li>\n<li style=\"font-weight: 400;\" aria-level=\"1\"><span style=\"font-weight: 400;\">Befreiung durch Fremd\/alten Energien<\/span><\/li>\n<\/ul>\n<p><span style=\"font-weight: 400;\">In diesem Jahr wirst du also ein Rundumpaket f\u00fcr dein neues Jahr 2026 erhalten, sodass du voller Liebe und Licht in das neue Jahr starten kannst. Alles was f\u00fcr das kommende Jahr loslassen m\u00f6chtest, wird hier losgelassen. Auch hier erh\u00e4ltst du eine ausf\u00fchrliche Zusammenfassung.\u00a0<\/span><\/p>\n<p><span style=\"font-weight: 400;\">Jede Jahresvorschau ist individuell und daher auch nur in schriftlicher Form zu erhalten. Ich m\u00f6chte dir einen Wegweiser nicht f\u00fcr das ganze Jahr mitgeben, welchen du immer wieder zur Hand nehmen und somit auch nachlesen kannst, sondern auch eine Reinigung des \u201cAlten\u201d Jahres mitgeben, sodass du wirklich dem neuen Energiefluss des neuen Jahres gut empfangen kannst. Du erh\u00e4ltst hier somit deine \u201cpers\u00f6nliche, schnelle Hilfe\u201d f\u00fcr dein kommendes Jahr.\u00a0<\/span><\/p>\n<p><span style=\"font-weight: 400;\">Wie kannst du dich also anmelden? Du kannst die Jahresvorschau 2026 ganz einfach schriftlich per Email unter <\/span><a href=\"mailto:office@lebensfragen.at\"><span style=\"font-weight: 400;\">office@lebensfragen.at<\/span><\/a><span style=\"font-weight: 400;\"> oder unter Whatsapp 0676\/62 64 810 sowie auch unter dem Shop auf der Website <\/span><a href=\"http:\/\/www.lebensfragen.at\"><span style=\"font-weight: 400;\">www.lebensfragen.at<\/span><\/a><span style=\"font-weight: 400;\"> buchen.\u00a0<\/span><\/p>\n<p><span style=\"font-weight: 400;\">Die Jahresvorschau kann auch als Weihnachtsgeschenk in Form eines Gutscheines erworben werden. Hier lege ich eine genaue Beschreibung zum Gutschein dazu, somit ist der Beschenkte auch \u00fcber den Ablauf informiert! Gutscheine werden per Email bis 23.12. ausgestellt und per Post bis 21.12.2025 (Abends) versendet &#8211; so kann ich garantieren, das dein Geschenk noch vor Weihnachten ankommen wird.<\/span><\/p>\n<p><b><i>Die Anmeldungen f\u00fcr die Jahresvorschau 2026 erfolgt ab 10.11. &#8211; bis 30.11.2026 zum Fr\u00fchbucherbonus von 129 Euro\/statt 149 Euro f\u00fcr Erwachsene.\u00a0<\/i><\/b><\/p>\n<p><em><strong>Die Anmeldung erfolgt wie immer schriftlich und ist somit auch f\u00fcr dich verbindlich.\u00a0<\/strong><\/em><\/p>\n<p><span style=\"font-weight: 400;\">F\u00fcr deine Anmeldung brauche ich\u00a0<\/span><\/p>\n<ul>\n<li style=\"list-style-type: none;\">\n<ul>\n<li><span style=\"font-weight: 400;\">ein aktuelles Foto,<\/span><\/li>\n<\/ul>\n<\/li>\n<\/ul>\n<p><span style=\"font-weight: 400;\">* deinen vollst\u00e4ndigen Namen<\/span><\/p>\n<p><span style=\"font-weight: 400;\">* sowie deine Adresse zur Best\u00e4tigung deiner Anmeldung und dem Anerkennen der Hinweise auf www.lebensfragen.at)\u00a0<\/span><\/p>\n<p><span style=\"font-weight: 400;\">* deinen Familienstand<\/span><\/p>\n<ul>\n<li><span style=\"font-weight: 400;\">dein Alter und\u00a0<\/span><\/li>\n<\/ul>\n<p><span style=\"font-weight: 400;\">* ob du Kinder hast (dies sind die Eckdaten, die ich f\u00fcr deine Jahresvorschau ben\u00f6tige um einen Zugang zu dir zu erhalten.)\u00a0<\/span><\/p>\n<p><span style=\"font-weight: 400;\">Du erh\u00e4ltst im Antwortmail nicht nur eine Best\u00e4tigung deiner Anmeldung, sondern auch die Kontodaten f\u00fcr die \u00dcberweisung zugesendet.\u00a0<\/span><\/p>\n<p><span style=\"font-weight: 400;\">Deine Fragen, also alles was dich belastet und worauf du, f\u00fcr das neue Jahr noch Antworten suchst oder was du schon immer fragen wolltest, kannst du mir, bis sp\u00e4testens 25.12.2025 per Email zusenden. Bitte nimm dir Zeit f\u00fcr deine Fragen. Sie sollten so aktuell wie m\u00f6glich sein \ud83d\ude42\u00a0<\/span><\/p>\n<p><span style=\"font-weight: 400;\">Die Jahresvorschau wird von mir per Email an dich weiter gesendet. Solltest du jedoch diese gerne ausgedruckt und per Postversand w\u00fcnschen, so rechne hier bitte 6,90 Euro f\u00fcr den Versand dazu!\u00a0<\/span><\/p>\n<p><span style=\"font-weight: 400;\">Du erh\u00e4ltst die Jahresvorschau Anfang &#8211; bis Ende J\u00e4nner zugesendet. Die Bearbeitung deiner Jahresvorschau erfolgt per Reihenfolge der Anmeldung und Bezahlung!\u00a0<\/span><\/p>\n<p><b>WICHTIGE INFOS: Deine Jahresvorschau wird erst ab 28.12.2025 <\/b><span style=\"font-weight: 400;\">von mir gechannelt &#8211; erst dann habe ich Zugang zu deinem Energiefluss des neuen Jahres und darf dir hier alles weitergeben!\u00a0<\/span><\/p>\n<p><span style=\"font-weight: 400;\">DU m\u00f6chtest gerne wissen, wann du damit ca. rechnen kannst? Bitte frage einfach nach, damit ich dir hier genauer Bescheid geben kann. Ich wei\u00df selbst, wie ungeduldig man hier sein kann, deshalb traue dich bitte einfach zu fragen.\u00a0<\/span><\/p>\n<p><span style=\"font-weight: 400;\">Ich hoffe ich habe nichts vergessen! Sollte f\u00fcr dich etwas unklar sein, es sich daraus Fragen f\u00fcr dich ergeben haben oder du n\u00e4here Infos dazu brauchen, so bitte melde dich jederzeit bei mir \ud83d\ude42\u00a0<\/span><\/p>\n<p><span style=\"font-weight: 400;\">Wie immer erreichst du mich schriftlich jederzeit &lt;3 \u00fcber Whatsapp oder Email unter office@lebensfragen.at!<\/span><\/p>\n<p><span style=\"font-weight: 400;\">Ich w\u00fcnsche dir eine wundervolle Zeit bis wir uns lesen, sehen oder gar h\u00f6ren.<\/span><\/p>\n<p><span style=\"font-weight: 400;\">Lass es dir gut gehen und bleibe gesund!<\/span><\/p>\n<p><span style=\"font-weight: 400;\">Liebevolle Gr\u00fc\u00dfe<\/span><\/p>\n<p><span style=\"font-weight: 400;\">Kerstin<\/span><\/p>\n","protected":false},"excerpt":{"rendered":"<p>Diese Jahresvorschau wird ein wenig anders sein, als du sie vielleicht bisher von mir erhalten oder vielleicht schon davon geh\u00f6rt hast. Es gibt eine ausf\u00fchrliche Zusammenfassung auf die Frage \u201cwas kommt in diesem Jahr auf mich zu? Worauf musst ich achten?\u00a0 Das heisst deine Jahresvorschau beinhaltet alles, was ich f\u00fcr dein kommendes Jahr empfangen und &hellip; <\/p>\n<p class=\"link-more\"><a href=\"https:\/\/lebensfragen.at\/index.php\/product\/jahresvorschau-2025-dein-persoenlicher-wegbegleiter-durch-das-kommende-jahr-2025\/\" class=\"more-link\"><span class=\"screen-reader-text\">\u201eJahresvorschau 2027 &#8211; dein pers\u00f6nlicher Wegbegleiter durch das kommende Jahr 2027\u201c <\/span>weiterlesen<\/a><\/p>\n","protected":false},"featured_media":511,"template":"","meta":[],"product_brand":[],"product_cat":[17],"product_tag":[],"class_list":{"0":"post-610","1":"product","2":"type-product","3":"status-publish","4":"has-post-thumbnail","6":"product_cat-uncategorized","8":"first","9":"outofstock","10":"taxable","11":"shipping-taxable","12":"purchasable","13":"product-type-simple"},"_links":{"self":[{"href":"https:\/\/lebensfragen.at\/index.php\/wp-json\/wp\/v2\/product\/610","targetHints":{"allow":["GET"]}}],"collection":[{"href":"https:\/\/lebensfragen.at\/index.php\/wp-json\/wp\/v2\/product"}],"about":[{"href":"https:\/\/lebensfragen.at\/index.php\/wp-json\/wp\/v2\/types\/product"}],"wp:featuredmedia":[{"embeddable":true,"href":"https:\/\/lebensfragen.at\/index.php\/wp-json\/wp\/v2\/media\/511"}],"wp:attachment":[{"href":"https:\/\/lebensfragen.at\/index.php\/wp-json\/wp\/v2\/media?parent=610"}],"wp:term":[{"taxonomy":"product_brand","embeddable":true,"href":"https:\/\/lebensfragen.at\/index.php\/wp-json\/wp\/v2\/product_brand?post=610"},{"taxonomy":"product_cat","embeddable":true,"href":"https:\/\/lebensfragen.at\/index.php\/wp-json\/wp\/v2\/product_cat?post=610"},{"taxonomy":"product_tag","embeddable":true,"href":"https:\/\/lebensfragen.at\/index.php\/wp-json\/wp\/v2\/product_tag?post=610"}],"curies":[{"name":"wp","href":"https:\/\/api.w.org\/{rel}","templated":true}]}}