{"id":209,"date":"2021-02-17T10:17:27","date_gmt":"2021-02-17T09:17:27","guid":{"rendered":"http:\/\/5.132.160.136\/?post_type=product&#038;p=209"},"modified":"2021-02-17T10:18:58","modified_gmt":"2021-02-17T09:18:58","slug":"geschenk-gutschein","status":"publish","type":"product","link":"https:\/\/lebensfragen.at\/index.php\/product\/geschenk-gutschein\/","title":{"rendered":"Geschenk-GUTSCHEIN"},"content":{"rendered":"<p><img loading=\"lazy\" decoding=\"async\" class=\"size-medium wp-image-210 aligncenter\" src=\"http:\/\/5.132.160.136\/wp-content\/uploads\/2021\/02\/24900035_1581341938617797_1653613488590096722_n-300x220.jpg\" alt=\"\" width=\"300\" height=\"220\" srcset=\"https:\/\/lebensfragen.at\/wp-content\/uploads\/2021\/02\/24900035_1581341938617797_1653613488590096722_n-300x220.jpg 300w, https:\/\/lebensfragen.at\/wp-content\/uploads\/2021\/02\/24900035_1581341938617797_1653613488590096722_n-768x562.jpg 768w, https:\/\/lebensfragen.at\/wp-content\/uploads\/2021\/02\/24900035_1581341938617797_1653613488590096722_n-350x256.jpg 350w, https:\/\/lebensfragen.at\/wp-content\/uploads\/2021\/02\/24900035_1581341938617797_1653613488590096722_n.jpg 960w\" sizes=\"auto, (max-width: 300px) 100vw, 300px\" \/><\/p>\n<p>&nbsp;<\/p>\n<p><strong>Geschenkgutscheine<\/strong> \u2013 verschenke etwas f\u00fcr K\u00f6rper, Geist und Seele!<\/p>\n<p>Du erh\u00e4ltst die Gutscheine per Email oder Postweg!<\/p>\n<p>Auch kannst du per office@lebensfragen.at einen Gutschein f\u00fcr eine meiner Dienstleistungen buchen!<\/p>\n","protected":false},"excerpt":{"rendered":"<p>&nbsp; Geschenkgutscheine \u2013 verschenke etwas f\u00fcr K\u00f6rper, Geist und Seele! Du erh\u00e4ltst die Gutscheine per Email oder Postweg! Auch kannst du per office@lebensfragen.at einen Gutschein f\u00fcr eine meiner Dienstleistungen buchen!<\/p>\n","protected":false},"featured_media":210,"template":"","meta":[],"product_brand":[],"product_cat":[17],"product_tag":[],"class_list":{"0":"post-209","1":"product","2":"type-product","3":"status-publish","4":"has-post-thumbnail","6":"product_cat-uncategorized","8":"first","9":"instock","10":"virtual","11":"taxable","12":"purchasable","13":"product-type-simple"},"_links":{"self":[{"href":"https:\/\/lebensfragen.at\/index.php\/wp-json\/wp\/v2\/product\/209","targetHints":{"allow":["GET"]}}],"collection":[{"href":"https:\/\/lebensfragen.at\/index.php\/wp-json\/wp\/v2\/product"}],"about":[{"href":"https:\/\/lebensfragen.at\/index.php\/wp-json\/wp\/v2\/types\/product"}],"wp:featuredmedia":[{"embeddable":true,"href":"https:\/\/lebensfragen.at\/index.php\/wp-json\/wp\/v2\/media\/210"}],"wp:attachment":[{"href":"https:\/\/lebensfragen.at\/index.php\/wp-json\/wp\/v2\/media?parent=209"}],"wp:term":[{"taxonomy":"product_brand","embeddable":true,"href":"https:\/\/lebensfragen.at\/index.php\/wp-json\/wp\/v2\/product_brand?post=209"},{"taxonomy":"product_cat","embeddable":true,"href":"https:\/\/lebensfragen.at\/index.php\/wp-json\/wp\/v2\/product_cat?post=209"},{"taxonomy":"product_tag","embeddable":true,"href":"https:\/\/lebensfragen.at\/index.php\/wp-json\/wp\/v2\/product_tag?post=209"}],"curies":[{"name":"wp","href":"https:\/\/api.w.org\/{rel}","templated":true}]}}