{"id":201,"date":"2021-02-16T11:38:46","date_gmt":"2021-02-16T10:38:46","guid":{"rendered":"http:\/\/5.132.160.136\/?post_type=product&#038;p=201"},"modified":"2023-10-18T10:47:00","modified_gmt":"2023-10-18T08:47:00","slug":"energiebooster","status":"publish","type":"product","link":"https:\/\/lebensfragen.at\/index.php\/product\/energiebooster\/","title":{"rendered":"Energiebooster inkl. Energiearbeit\/Chakrenreinigung"},"content":{"rendered":"<h1 style=\"text-align: center;\"><strong>Energiebooster\/Chakrenausgleich<\/strong><\/h1>\n<p><img loading=\"lazy\" decoding=\"async\" class=\"size-medium wp-image-202 aligncenter\" src=\"http:\/\/5.132.160.136\/wp-content\/uploads\/2021\/02\/buddha-2109894_1280-300x228.jpg\" alt=\"\" width=\"300\" height=\"228\" srcset=\"https:\/\/lebensfragen.at\/wp-content\/uploads\/2021\/02\/buddha-2109894_1280-300x228.jpg 300w, https:\/\/lebensfragen.at\/wp-content\/uploads\/2021\/02\/buddha-2109894_1280-1024x778.jpg 1024w, https:\/\/lebensfragen.at\/wp-content\/uploads\/2021\/02\/buddha-2109894_1280-768x584.jpg 768w, https:\/\/lebensfragen.at\/wp-content\/uploads\/2021\/02\/buddha-2109894_1280-350x266.jpg 350w, https:\/\/lebensfragen.at\/wp-content\/uploads\/2021\/02\/buddha-2109894_1280.jpg 1280w\" sizes=\"auto, (max-width: 300px) 100vw, 300px\" \/><\/p>\n<p>Oft beeinflussen \u00e4u\u00dfere Umst\u00e4nde aber auch wir uns selbst, durch Gedanken und\u00a0 Gef\u00fchle, das die Energien, unserer Chakren nicht mehr so schwingen und flie\u00dfen wie es ihre Aufgabe w\u00e4re.<\/p>\n<p>Ein Chakrenausgleich (dies geht sowohl direkt an der Person als auch \u00fcber die Ferne selbst) bzw. ein Energiebehandlung (kurz ein Energiebooster) stellt das Gleichgewicht zwischen den Chakren selbst wieder her. Die Lebensenergie kann so wieder flie\u00dfen und dich mit neuer Kraft und Energie f\u00fcllen. Blockaden und innere Schwere werden gel\u00f6st, neue Sichtweisen entstehen und ein bewusstes F\u00fchlen ist wieder m\u00f6glich.<\/p>\n<p>Ist ein oder mehrere Chakra in ihrer Funktion gest\u00f6rt, wird dieses oft von anderen Chakren ausgeglichen.<\/p>\n<p>Chakren sollten nicht einzeln betrachtet werden, den oft sind auch andere Chakren beeinflusst und in ihre Schwingung gehemmt, wenn wir uns unwohl f\u00fchlen. \u00a0Ich behandle deshalb immer alle Teile, nicht nur den Teil, der mich braucht.<\/p>\n<p>Bei einem Chakrenausgleich\/Energiebooster\u00a0 werden schwache Chakren gest\u00e4rkt und ge\u00f6ffnet und m\u00f6glicherweise \u00fcberlastete Chakren in eine harmonische Funktion zur\u00fcckbegleitet.<\/p>\n<p><em>Du erh\u00e4ltst hier eine ausf\u00fchrliche Zusammenfassung deiner Chakren und deiner Behandlung \u2013 mit allen Informationen, die f\u00fcr dich wichtig sind. Ich gebe alles weiter, was ich f\u00fcr dich empfangen darf und dir bei deinen n\u00e4chsten Schritten hilft!<\/em><\/p>\n","protected":false},"excerpt":{"rendered":"<p>Energiebooster\/Chakrenausgleich Oft beeinflussen \u00e4u\u00dfere Umst\u00e4nde aber auch wir uns selbst, durch Gedanken und\u00a0 Gef\u00fchle, das die Energien, unserer Chakren nicht mehr so schwingen und flie\u00dfen wie es ihre Aufgabe w\u00e4re. Ein Chakrenausgleich (dies geht sowohl direkt an der Person als auch \u00fcber die Ferne selbst) bzw. ein Energiebehandlung (kurz ein Energiebooster) stellt das Gleichgewicht zwischen &hellip; <\/p>\n<p class=\"link-more\"><a href=\"https:\/\/lebensfragen.at\/index.php\/product\/energiebooster\/\" class=\"more-link\"><span class=\"screen-reader-text\">\u201eEnergiebooster inkl. Energiearbeit\/Chakrenreinigung\u201c <\/span>weiterlesen<\/a><\/p>\n","protected":false},"featured_media":202,"template":"","meta":[],"product_brand":[],"product_cat":[17],"product_tag":[59,56,57,58,60,61,55],"class_list":{"0":"post-201","1":"product","2":"type-product","3":"status-publish","4":"has-post-thumbnail","6":"product_cat-uncategorized","7":"product_tag-ausgleich","8":"product_tag-chakren","9":"product_tag-chakrenausgleich","10":"product_tag-energiebooster","11":"product_tag-farben","12":"product_tag-heilung","13":"product_tag-power","15":"first","16":"instock","17":"virtual","18":"taxable","19":"purchasable","20":"product-type-simple"},"_links":{"self":[{"href":"https:\/\/lebensfragen.at\/index.php\/wp-json\/wp\/v2\/product\/201","targetHints":{"allow":["GET"]}}],"collection":[{"href":"https:\/\/lebensfragen.at\/index.php\/wp-json\/wp\/v2\/product"}],"about":[{"href":"https:\/\/lebensfragen.at\/index.php\/wp-json\/wp\/v2\/types\/product"}],"wp:featuredmedia":[{"embeddable":true,"href":"https:\/\/lebensfragen.at\/index.php\/wp-json\/wp\/v2\/media\/202"}],"wp:attachment":[{"href":"https:\/\/lebensfragen.at\/index.php\/wp-json\/wp\/v2\/media?parent=201"}],"wp:term":[{"taxonomy":"product_brand","embeddable":true,"href":"https:\/\/lebensfragen.at\/index.php\/wp-json\/wp\/v2\/product_brand?post=201"},{"taxonomy":"product_cat","embeddable":true,"href":"https:\/\/lebensfragen.at\/index.php\/wp-json\/wp\/v2\/product_cat?post=201"},{"taxonomy":"product_tag","embeddable":true,"href":"https:\/\/lebensfragen.at\/index.php\/wp-json\/wp\/v2\/product_tag?post=201"}],"curies":[{"name":"wp","href":"https:\/\/api.w.org\/{rel}","templated":true}]}}