{"id":199,"date":"2021-02-16T11:33:03","date_gmt":"2021-02-16T10:33:03","guid":{"rendered":"http:\/\/5.132.160.136\/?post_type=product&#038;p=199"},"modified":"2023-10-18T10:48:59","modified_gmt":"2023-10-18T08:48:59","slug":"seelenfluestern","status":"publish","type":"product","link":"https:\/\/lebensfragen.at\/index.php\/product\/seelenfluestern\/","title":{"rendered":"Seelengefl\u00fcster"},"content":{"rendered":"<h1 style=\"text-align: center;\"><strong>Seelengefl\u00fcster\/Seelenbrief<\/strong><\/h1>\n<p><strong><img loading=\"lazy\" decoding=\"async\" class=\"aligncenter\" src=\"http:\/\/lebensfragen.at\/wp-content\/uploads\/2021\/02\/tree-6961758_1280.jpg\" width=\"406\" height=\"203\" \/><\/strong><\/p>\n<p>Du erh\u00e4ltst hier nicht nur ehrliche und klare Antworten auf deine offenen Fragen, die dich blockieren, belasten oder noch von deinem Weg abhalten, sondern auch Botschaften und Energien, die in den Worten mitflie\u00dfen, aus der geistigen Welt, deinen Engel, die dir zur Seite stehen sowie deine Seelenzahl, die dich zus\u00e4tzlich unterst\u00fctzt!<\/p>\n<p>Beim Schreiben verbinde ich mich mit dir \u2013 deiner Seele und deren Schwingungen und deinen Engeln, sowie auch spirituellen Begleitern, aber auch mit den Seelen, von denen du Antworten ben\u00f6tigst. Ob dies eine verstorbene Seele (Jenseitskontakt), ein geliebtes Haustier (Tierkommunikation) oder Frage<span style=\"font-size: 1rem;\">n an deinem unerf\u00fcllten Kinderwunsch bestehen oder einer Seele, die dich auf dem derzeitigen Weg begleitet. Ich gebe durch intuitives Schreiben, die pers\u00f6nlichen Worte und Botschaften, die ich f\u00fcr dich empfangen darf weiter. Beim Schreiben erhalte ich Antworten auf deine offenen Fragen und vieles mehr.<\/span><\/p>\n<p>Ich sehe mir auch an \u201ewas kommt\u2026\u201c und auch \u201ewas du brauchst\u2026 f\u00fcr dein JETZT oder deinen Weg!<\/p>\n<p>Ob Jenseitskontakt, Tierkommunikation oder Fragen an Babyseelen, Kinderwunsch bestehen \u2013 ich bin sehr bem\u00fcht, dich bei deinen Fragen zu unterst\u00fctzen!<\/p>\n<p>Hole dir deine spirituelle Wegweisung zum immer wieder nachlesen!<\/p>\n","protected":false},"excerpt":{"rendered":"<p>Seelengefl\u00fcster\/Seelenbrief Du erh\u00e4ltst hier nicht nur ehrliche und klare Antworten auf deine offenen Fragen, die dich blockieren, belasten oder noch von deinem Weg abhalten, sondern auch Botschaften und Energien, die in den Worten mitflie\u00dfen, aus der geistigen Welt, deinen Engel, die dir zur Seite stehen sowie deine Seelenzahl, die dich zus\u00e4tzlich unterst\u00fctzt! Beim Schreiben verbinde &hellip; <\/p>\n<p class=\"link-more\"><a href=\"https:\/\/lebensfragen.at\/index.php\/product\/seelenfluestern\/\" class=\"more-link\"><span class=\"screen-reader-text\">\u201eSeelengefl\u00fcster\u201c <\/span>weiterlesen<\/a><\/p>\n","protected":false},"featured_media":559,"template":"","meta":[],"product_brand":[],"product_cat":[17],"product_tag":[61,62,63,64],"class_list":{"0":"post-199","1":"product","2":"type-product","3":"status-publish","4":"has-post-thumbnail","6":"product_cat-uncategorized","7":"product_tag-heilung","8":"product_tag-seelenarbeit","9":"product_tag-seelenheilung","10":"product_tag-selbstprozess","12":"first","13":"instock","14":"virtual","15":"taxable","16":"purchasable","17":"product-type-simple"},"_links":{"self":[{"href":"https:\/\/lebensfragen.at\/index.php\/wp-json\/wp\/v2\/product\/199","targetHints":{"allow":["GET"]}}],"collection":[{"href":"https:\/\/lebensfragen.at\/index.php\/wp-json\/wp\/v2\/product"}],"about":[{"href":"https:\/\/lebensfragen.at\/index.php\/wp-json\/wp\/v2\/types\/product"}],"wp:featuredmedia":[{"embeddable":true,"href":"https:\/\/lebensfragen.at\/index.php\/wp-json\/wp\/v2\/media\/559"}],"wp:attachment":[{"href":"https:\/\/lebensfragen.at\/index.php\/wp-json\/wp\/v2\/media?parent=199"}],"wp:term":[{"taxonomy":"product_brand","embeddable":true,"href":"https:\/\/lebensfragen.at\/index.php\/wp-json\/wp\/v2\/product_brand?post=199"},{"taxonomy":"product_cat","embeddable":true,"href":"https:\/\/lebensfragen.at\/index.php\/wp-json\/wp\/v2\/product_cat?post=199"},{"taxonomy":"product_tag","embeddable":true,"href":"https:\/\/lebensfragen.at\/index.php\/wp-json\/wp\/v2\/product_tag?post=199"}],"curies":[{"name":"wp","href":"https:\/\/api.w.org\/{rel}","templated":true}]}}