{"id":189,"date":"2021-02-16T11:04:57","date_gmt":"2021-02-16T10:04:57","guid":{"rendered":"http:\/\/5.132.160.136\/?post_type=product&#038;p=189"},"modified":"2026-03-24T09:19:45","modified_gmt":"2026-03-24T08:19:45","slug":"blick-in-die-zukunft","status":"publish","type":"product","link":"https:\/\/lebensfragen.at\/index.php\/product\/blick-in-die-zukunft\/","title":{"rendered":"&#8222;Blick in die Zukunft&#8220; &#8211; Kartenblick"},"content":{"rendered":"<p style=\"text-align: center;\"><b>Blick in die Zukunft &#8211; &#8222;dein schriftliches Kartenblatt f\u00fcr dein JETZT&#8220;<\/b><\/p>\n<p><strong><img loading=\"lazy\" decoding=\"async\" class=\"aligncenter\" src=\"https:\/\/cdn.pixabay.com\/photo\/2015\/10\/16\/11\/40\/tarot-991041_960_720.jpg\" alt=\"Tarot, Karten, Magie, Verm\u00f6gen, Sagen, Zigeuner\" width=\"271\" height=\"181\" \/><\/strong><\/p>\n<p>Im Leben gibt es oft Fragen, die in uns gro\u00dfe Unsicherheit oder Zweifel hervorrufen. Die uns hindern, den n\u00e4chsten Schritt zu wagen. Die uns einfach auch Angst machen. Angst vor der Zukunft oder im JETZT.<\/p>\n<p>Wir brauchen diese Antworten auf unsere offenen Fragen. Ich helfe dir gerne dabei diese zu finden!<\/p>\n<p>Ob telefonisch, schriftlich oder pers\u00f6nlich macht f\u00fcr mich keinen Unterschied. Da ich mich ausschlie\u00dflich mit deinem Energiefluss und Seele verbinde.<\/p>\n<p>Du erh\u00e4ltst hier eine schriftliche und ausf\u00fchrliche Zusammenfassung \u00fcber dein Kartenbild. Deine Fragen, welche du mir vorab zusendest,\u00a0 werden beantwortet und das, was ich noch f\u00fcr dich empfangen oder sehen und wahrnehmen darf, wird von mir an dich\u00a0 weitergegeben.\u00a0 Das schriftliche Kartenblatt ist toll f\u00fcrs Nachlesen und immer wieder ins Ged\u00e4chtnis rufen.<\/p>\n<p>Was ich dazu ben\u00f6tige? Ich brauche dein Alter, deinen Familienstand und ob du Kinder hast! Dies sind meine \u201eErlaubnis\u201c von dir, mich mit dir verbinden zu d\u00fcrfen. F\u00fcr die schriftliche Variante ben\u00f6tige ich noch ein aktuelles Foto, welches du mir bitte per Email unter\u00a0<a href=\"mailto:office@lebensfragen.at\">office@lebensfragen.at\u00a0<\/a>zukommen l\u00e4sst, ist aber nicht notwendig. \u00a0Bitte sende mir auch deine Fragen zu. Diese werden von mir so ausf\u00fchrlich wie m\u00f6glich beantwortet!<\/p>\n<p>Wichtiger Hinweis: Sollte ich nichts konkretes empfangen, kann ich dir auch die Gr\u00fcnde hierf\u00fcr nennen! Bei Fragen oder wenn du dir unsicher sein solltest, so bitte melde dich jederzeit bei mir!<\/p>\n<p style=\"text-align: center;\"><strong>\u201eDIE ZUKUNFT H\u00c4NGT DAVON AB, WAS WIR HEUTE TUN!\u201c<\/strong><\/p>\n","protected":false},"excerpt":{"rendered":"<p>Blick in die Zukunft &#8211; &#8222;dein schriftliches Kartenblatt f\u00fcr dein JETZT&#8220; Im Leben gibt es oft Fragen, die in uns gro\u00dfe Unsicherheit oder Zweifel hervorrufen. Die uns hindern, den n\u00e4chsten Schritt zu wagen. Die uns einfach auch Angst machen. Angst vor der Zukunft oder im JETZT. Wir brauchen diese Antworten auf unsere offenen Fragen. Ich &hellip; <\/p>\n<p class=\"link-more\"><a href=\"https:\/\/lebensfragen.at\/index.php\/product\/blick-in-die-zukunft\/\" class=\"more-link\"><span class=\"screen-reader-text\">\u201e&#8222;Blick in die Zukunft&#8220; &#8211; Kartenblick\u201c <\/span>weiterlesen<\/a><\/p>\n","protected":false},"featured_media":190,"template":"","meta":[],"product_brand":[],"product_cat":[17],"product_tag":[51,66,68,65,67],"class_list":{"0":"post-189","1":"product","2":"type-product","3":"status-publish","4":"has-post-thumbnail","6":"product_cat-uncategorized","7":"product_tag-antworten","8":"product_tag-einblick","9":"product_tag-fragen","10":"product_tag-kartenlegen","11":"product_tag-zukunftsblick","13":"first","14":"instock","15":"virtual","16":"taxable","17":"purchasable","18":"product-type-simple"},"_links":{"self":[{"href":"https:\/\/lebensfragen.at\/index.php\/wp-json\/wp\/v2\/product\/189","targetHints":{"allow":["GET"]}}],"collection":[{"href":"https:\/\/lebensfragen.at\/index.php\/wp-json\/wp\/v2\/product"}],"about":[{"href":"https:\/\/lebensfragen.at\/index.php\/wp-json\/wp\/v2\/types\/product"}],"wp:featuredmedia":[{"embeddable":true,"href":"https:\/\/lebensfragen.at\/index.php\/wp-json\/wp\/v2\/media\/190"}],"wp:attachment":[{"href":"https:\/\/lebensfragen.at\/index.php\/wp-json\/wp\/v2\/media?parent=189"}],"wp:term":[{"taxonomy":"product_brand","embeddable":true,"href":"https:\/\/lebensfragen.at\/index.php\/wp-json\/wp\/v2\/product_brand?post=189"},{"taxonomy":"product_cat","embeddable":true,"href":"https:\/\/lebensfragen.at\/index.php\/wp-json\/wp\/v2\/product_cat?post=189"},{"taxonomy":"product_tag","embeddable":true,"href":"https:\/\/lebensfragen.at\/index.php\/wp-json\/wp\/v2\/product_tag?post=189"}],"curies":[{"name":"wp","href":"https:\/\/api.w.org\/{rel}","templated":true}]}}