{"id":92,"date":"2021-02-15T09:18:38","date_gmt":"2021-02-15T08:18:38","guid":{"rendered":"http:\/\/5.132.160.136\/?page_id=92"},"modified":"2021-09-14T10:22:00","modified_gmt":"2021-09-14T08:22:00","slug":"fernstudium-ferneinweihung","status":"publish","type":"page","link":"https:\/\/lebensfragen.at\/index.php\/fernstudium-ferneinweihung\/","title":{"rendered":"Reiki &#8211; Fernstudium\/Ferneinweihung"},"content":{"rendered":"\n<div class=\"wp-block-columns is-layout-flex wp-container-core-columns-is-layout-9d6595d7 wp-block-columns-is-layout-flex\">\n<div class=\"wp-block-column is-layout-flow wp-block-column-is-layout-flow\" style=\"flex-basis:100%\">\n<div class=\"wp-block-image\"><figure class=\"aligncenter is-resized\"><img loading=\"lazy\" decoding=\"async\" src=\"https:\/\/cdn.pixabay.com\/photo\/2014\/03\/11\/22\/57\/wellness-285590_960_720.jpg\" alt=\"Wellness, Massage, Reiki\" width=\"425\" height=\"283\"\/><figcaption>Bildquelle: pixabay.at<\/figcaption><\/figure><\/div>\n\n\n\n<p><\/p>\n<\/div>\n<\/div>\n\n\n\n<p><strong><em>Was ist Reiki?<\/em><\/strong><\/p>\n\n\n\n<p>Viele Menschen fragen mich zu Beginn unser gemeinsamen Reise immer wieder, was Reiki genau w\u00e4re. Es ist schwer zu beantworten. Den Reiki ist eine reine und sehr starke Energie, die man einfach bewusst nicht sehen kann. Man ersp\u00fcrt sie, man erf\u00fchlt sie und nimmt sie wahr, wenn man sich bewusst darauf einl\u00e4sst oder sich damit besch\u00e4ftigt.<\/p>\n\n\n\n<p>Ich empfehle all meinen Sch\u00fclern das Buch von <a href=\"https:\/\/www.amazon.de\/gp\/product\/B00ALUU1LW\/ref=dbs_a_def_rwt_hsch_vapi_tkin_p1_i0lebensfrage08-21\" data-type=\"URL\" data-id=\"https:\/\/www.amazon.de\/gp\/product\/B00ALUU1LW\/ref=dbs_a_def_rwt_hsch_vapi_tkin_p1_i0lebensfrage08-21\">Karin E. J. Kolland (Intutitives Reiki &#8211; nach Sensei Mikaomi Usui &#8211; 1. Grad)<\/a> um mehr Wissen und auch noch eine andere Sichtweise zu erhalten.<\/p>\n\n\n\n<p>Aus diesem Buch habe ich einige wichtige Informationen f\u00fcr dich zusammengefasst! Es gibt unz\u00e4hlige Beschreibungen f\u00fcr Reiki, doch ich denke, das du selbst deine eigene Erfahrung damit machen musst und darfst! Nicht alles, was man liest, kann man auch auf sich selbst umsetzen. So wundere dich nicht, wenn DU Reiki ganz anders wahrnimmst als Ich, dein Partner, ein anderer Sch\u00fcler eines Kurses oder ein Freund usw. Auch hier gilt wieder:<\/p>\n\n\n\n<p class=\"has-text-align-center\"><strong><em>FINDE DEINE EIGENE WAHRHEIT!<\/em><\/strong><\/p>\n\n\n\n<p>Reiki ist eine sehr starke Energie, die eine sehr hohe Schwingung mit sich bringt. Reiki dringt tief in den K\u00f6rper ein.<\/p>\n\n\n\n<p>Diese universale Lebensenergie (= die reinste und tiefste Form von Liebe) wird vom Organismus angesaugt und hilft ihm seine Selbstheilungskr\u00e4fte zu entfalten und zur Wirkung zu bringen. Der Heilungsprozess in allen k\u00f6rperlichen, psychischen, geistigen und transzendentalen Ebenen unseres Seins wird dadurch optimal unterst\u00fctzt.<\/p>\n\n\n\n<p>Wenn wir von Heilung sprechen setzen wir jedoch oft eine Erkrankung voraus. Doch \u201cHEIL\u201d werden setzt auch nicht unbedingt eine Krankheit voraus, wie wir sie kennen. &nbsp;F\u00fcr mich geh\u00f6rt zum Krank sein oft auch Themen und Blockaden aus einem fr\u00fcheren Leben, aus dem Jetzt, von Belastungen und Themen, die noch aufgearbeitet werden sollten. Dies alles bedeutet f\u00fcr mich \u201ckrank sein\u201d und ben\u00f6tigt Heilung.<\/p>\n\n\n\n<p>Heilung bedeutet jedoch hier, dass man nicht die Krankheit im Fokus bek\u00e4mpft, sondern ihre Botschaft annimmt und daraus etwas lernt.<\/p>\n\n\n\n<p>Etwas lernt, um sich von der Krankheit auch l\u00f6sen zu k\u00f6nnen. Auf dem Wege der Heilung hin zur ganzheitlichen Heiligkeit mag es aber sein, dass uns nicht nur Krankheiten im Wege stehen, sondern Hindernisse verschiedenster Art. Hindernisse in der Psyche, im Denken, Hindernisse in den zwischenmenschlichen Beziehungen, Hindernisse auf gesellschaftlicher, politischer oder beruflicher Ebene, Hindernisse im \u00f6kologischen Zusammenspiel mit der Natur.<\/p>\n\n\n\n<p>Wenn wir uns oder auch andere mit Reiki behandeln, so strahlen die Schwingungen der g\u00f6ttlichen Heilkraft durch Stoffe, Gipsverb\u00e4nde und diverse Materialien hindurch. Reiki wirkt auch in unserem Beruf und auf dem Bankkonto! F\u00fcr den unsichtbaren g\u00f6ttlichen Geist gibt es keine Hindernisse.<\/p>\n\n\n\n<p>Wir bzw. dein Kunde braucht sich f\u00fcr eine Reikibehandlung nicht zu entkleiden.<\/p>\n\n\n\n<p>Zugedeckt entspannen wir uns leichter und tiefer. Reiki lindert Schmerzen, akute und chronische Krankheiten bei Menschen, Tieren und Pflanzen, k\u00f6nnen es so g\u00f6ttlicher Wille es ist, geheilt werden. Innerhalb von einigen Tagen bis Wochen lassen sich bereits enorme Ver\u00e4nderungen im K\u00f6rper feststellen. Alle inneren Organe, Nerven, Dr\u00fcsen, Zellen werden mit universeller Lebensenergie (= REIKI) versorgt und k\u00f6nnen so wieder ihre normale Funktion \u00fcbernehmen.<\/p>\n\n\n\n<p>Nerven k\u00f6nnen so wieder entspannen, Verkrampfungen l\u00f6sen sich, Blutkreislauf und Verdauungss\u00e4fte flie\u00dfen wieder in nat\u00fcrlichem Umfang. Die Atmung findet ihren urspr\u00fcnglichen Rhythmus. Ruhiges gesundes Atmen versorgt den Organismus nicht nur mit Sauerstoff, sondern bringt uns auch selbst wieder in Balance. K\u00f6rper, Geist und Seele lernen so wieder zusammenzuarbeiten und schwingen langsam wieder im Einklang.<\/p>\n\n\n\n<p>Reiki wirkt aber auch \u00fcber die Aura, die Chakren, die Dr\u00fcsen bis tief in den Stoffwechsel und Zellaufbau unseres K\u00f6rpers.<\/p>\n\n\n\n<p>Eine Ganzbehandlung (das heisst, von oben bis unten &#8211; Von Kopf bis Fu\u00df zu behandeln) ist immer von Vorteil. Reiki sucht sich aber ihren Weg und kommt dort an, wo sie gebraucht wird. Eine Ganzbehandlung wirkt st\u00e4rkend auf den gesamten Organismus und wirkt auch vorbeugend. Durch die intuitive Reiki Behandlung lernen wir uns bedingungslos der Weisheit von Reiki hinzugeben.<\/p>\n\n\n\n<p>Behandeln wir mit Reiki so setzt im ganzen K\u00f6rper eine Entgiftung ein. Alte Giftstoffe, die sich vielleicht schon viele Jahren angesammelt haben, verlassen den K\u00f6rper durch den Darm, durch Urin, Schwei\u00df und Tr\u00e4nenfl\u00fcssigkeit. Bei Frauen auch \u00fcber die Monatsblutung. Tr\u00e4nen w\u00e4hrend einer Behandlung sind daher v\u00f6llig normal. Den sie sind immer ein Zeichen, dass sich alter Schmerz und \u201cseelischer M\u00fcll\u201d l\u00f6st.<\/p>\n\n\n\n<p class=\"has-text-align-center\"><strong><em>\u201cGott gab uns H\u00e4nde um zu Arbeiten und um zu Heilen.\u201d<\/em><\/strong><\/p>\n\n\n\n<p>Gott gibt uns durch Reiki die M\u00f6glichkeit k\u00f6rperliche Gesundheit, Wohlbefinden und seelische Reife zu erlangen. Wir haben die Chance, uns aus der Unwissenheit zu befreien und weise und harmonisch mit uns selbst und anderen zu leben.<\/p>\n\n\n\n<p class=\"has-text-align-center\"><strong><em>Eine kurze Zusammenfassung von Reiki<\/em><\/strong><\/p>\n\n\n\n<p><strong>Was Reiki ist<\/strong><\/p>\n\n\n\n<p>-Reiki ist das japanische Wort f\u00fcr Universelle Lebensenergie oder Universale Lebenskraft und wird gesprochen \u201eree-ki\u201c.<\/p>\n\n\n\n<p>-Reiki ist die Energie, die die Grundlage allen Lebens ausmacht und wird auch \u201ePrana, Chi, Licht, Lichtenergie &#8230;\u201c genannt.<\/p>\n\n\n\n<p>-Reiki ist eine Wissenschaft der Energie<\/p>\n\n\n\n<p>-Reiki ist eine sanfte Methode, mit der wir die Universelle Lebensenergie durch unsere H\u00e4nde weitergeben<\/p>\n\n\n\n<p>-Reiki ist eine \u201ehandvoll\u201c Selbstheilung und Transformation<\/p>\n\n\n\n<p>-Reiki ist jederzeit und \u00fcberall und in jeder Lage ohne lange Vorbereitungen gefahrlos anzuwenden<\/p>\n\n\n\n<p>-Reiki ist f\u00fcr Dich und f\u00fcr jedes Lebewesen<\/p>\n\n\n\n<p>-Reiki ist einfach und leicht zu erlernen<\/p>\n\n\n\n<p>-Reiki ist nur in dem Ma\u00dfe wirksam, wie die Bereitschaft des Empfangenden vorhanden ist, es gibt kein Zuviel<\/p>\n\n\n\n<p>-Reiki ist ein transformierendes Erlebnis<\/p>\n\n\n\n<p>-Reiki ist zur Aktivierung, Wiederherstellung und Harmonisierung nat\u00fcrlicher Energien<\/p>\n\n\n\n<p>-Reiki ist zum Vorbeugen von St\u00f6rungen<\/p>\n\n\n\n<p>-Reiki ist zum Heilen, Erholen und Auftanken<\/p>\n\n\n\n<p>-Reiki ist zum Aufrechterhalten echten Wohlbefindens<\/p>\n\n\n\n<p>-Reiki ist ausgleichend und harmonisierend f\u00fcr Seele, K\u00f6rper und Geist<\/p>\n\n\n\n<p>-Reiki ist aktivierend bzw. f\u00f6rdernd f\u00fcr die k\u00f6rpereigenen Selbstheilungskr\u00e4fte<\/p>\n\n\n\n<p>-Reiki ist zur Entspannung oder einfach mal die Seele baumeln lassen<\/p>\n\n\n\n<p>-Reiki dosiert die Energie genau so, wie die Bereitschaft zu Empfangen da ist<\/p>\n\n\n\n<p>-Reiki f\u00f6rdert die Intuition<\/p>\n\n\n\n<p>-Reiki l\u00f6st Energieblockaden<\/p>\n\n\n\n<p>-Reiki unterst\u00fctzt jede nat\u00fcrliche und medizinische Heilmethode und auch alle anderen nat\u00fcrlichen Ma\u00dfnamen wie z.B. Goddess LighTouch, L+E+B=E !, Bachbl\u00fcten, Aura Soma, Hom\u00f6opathie, Edelsteine, Akupressur, Heilfasten, Heildi\u00e4t, Klangmassage, Fastenkur, Rolfing, Chiropraktik, psychologische Therapie, Physiotherapie usw.<\/p>\n\n\n\n<p>-Reiki ist nach der Aktivierung und Versiegelung ein Leben lang vorhanden<\/p>\n\n\n\n<p>-Reiki ist ein Lebensweg, der dir zur Weiterentwicklung und vorteilhaften Ver\u00e4nderung verhelfen kann<\/p>\n\n\n\n<p>-Reiki ist eine Unterst\u00fctzung f\u00fcr pers\u00f6nliches Wachstum und Transformation<\/p>\n\n\n\n<p>-Reiki f\u00f6rdert das Bewusstsein in \u201eBewusst &#8211; Sein\u201c<\/p>\n\n\n\n<p>-Reiki ist Verwandlung und kann letztendlich zur Erleuchtung f\u00fchren So kannst du die Wirkung von Reiki erfahren zum Beispiel durch:<\/p>\n\n\n\n<ul class=\"wp-block-list\"><li>st\u00e4rkeres Wohlbefinden<\/li><li>St\u00e4rkung deiner Energie<\/li><li>St\u00e4rkung der Lebenskraft -mehr Innere Ausgeglichenheit<\/li><li>mehr oder tiefere Entspannung<\/li><li>L\u00f6sung deiner inneren Blockaden -F\u00f6rderung deiner Kreativit\u00e4t<\/li><li>Beseitigung von Stressauswirkungen -schnellere Heilung deines K\u00f6rpers, der k\u00f6rpereigene Selbstheilungsprozess wird unterst\u00fctzt<\/li><li>mehr innere Harmonie<\/li><li>Bewusstseinserweiterung<\/li><li>Verst\u00e4rkung aller positiven Energien wie Kr\u00e4uter bzw. Heilkr\u00e4uter, D\u00fcfte bzw. Duftenergie, Edelsteine, Kl\u00e4nge bzw. Klangenergie, Lichtenergie, Lichtessenzen usw.<\/li><\/ul>\n\n\n\n<p><em>Freue dich darauf und vor allem auch auf alles was REIKI f\u00fcr dich in deinem Leben bereit h\u00e4lt!<\/em><\/p>\n\n\n\n<h1 class=\"wp-block-heading\"><strong>Warum \u00fcber die Ferne?<\/strong><\/h1>\n\n\n\n<p>F\u00fcr mich ist es wichtig, das du dich v\u00f6llig auf deinen Reiki Einweihung, egal in welchen Grad, einlassen und fallen lassen kannst. Aus Erfahrung wei\u00df ich selbst nur all zu gut, das dies oft nicht der Fall ist, wenn man zu einem Seminar f\u00e4hrt. Ich bin jemand der sehr gerne f\u00fcr sich zuhause Unterlagen durchliest, sich damit befasst und wenn m\u00f6glich sich einfach dann erst meldet, wenn Fragen auftauchen. Auch bin ich selbst zeitlich immer sehr eingegrenzt und kann nicht immer an den Seminaren,&nbsp; die oft mehrere Tage dauern, teilnehmen.<\/p>\n\n\n\n<p>Deshalb gibt es die Ferneinweihung\/Fernstudium. Ganz bequem bei dir zuhause. Wir stehen trotz jeder Entfernung immer in Verbindung.<\/p>\n\n\n\n<p>Ob du nun die Einweihung direkt in einem Seminar bei mir oder \u00fcber die Ferne erh\u00e4ltst spielt f\u00fcr mich keine Rolle &#8211; ich verbinde mich immer mit dir und deiner Seele!<\/p>\n\n\n\n<p>Du erh\u00e4ltst nat\u00fcrlich auch noch einen genaueren Ablauf zur Einweihung und\/aber auch zu den 21 Tagen des Reinigungsprozesses der nach jeder Energieeinweihung erfolgt. Bei Fragen dazu, bitte melde dich einfach!<\/p>\n\n\n\n<p><a href=\"http:\/\/lebensfragen.at\/index.php\/1-grad-usui-reiki\/\" data-type=\"URL\" data-id=\"http:\/\/lebensfragen.at\/index.php\/1-grad-usui-reiki\/\">Zu Grad 1 Usui Reiki<\/a><\/p>\n\n\n\n<p><a href=\"http:\/\/lebensfragen.at\/index.php\/2-grad-usui-reiki\/\" data-type=\"URL\" data-id=\"http:\/\/lebensfragen.at\/index.php\/2-grad-usui-reiki\/\">Zu Grad 2 Usui Reiki<\/a><\/p>\n\n\n\n<p><a href=\"http:\/\/lebensfragen.at\/index.php\/3-grad-usui-reiki\/\" data-type=\"URL\" data-id=\"http:\/\/lebensfragen.at\/index.php\/3-grad-usui-reiki\/\">Zu Grad 3 Usui Reiki &#8211; Meistergrad<\/a><\/p>\n\n\n\n<p><a href=\"http:\/\/lebensfragen.at\/index.php\/lehrerbefaehigung\/\" data-type=\"URL\" data-id=\"http:\/\/lebensfragen.at\/index.php\/lehrerbefaehigung\/\">Zur Lehrerbef\u00e4higung<\/a><\/p>\n\n\n\n<p><a href=\"http:\/\/lebensfragen.at\/index.php\/4-17-grad-die-lichtgrade-grossmeister\/\" data-type=\"URL\" data-id=\"http:\/\/lebensfragen.at\/index.php\/4-17-grad-die-lichtgrade-grossmeister\/\">Zu Grad 4.-17 Usui Reiki &#8211; Die Lichtsymbole<\/a><\/p>\n","protected":false},"excerpt":{"rendered":"<p>Was ist Reiki? Viele Menschen fragen mich zu Beginn unser gemeinsamen Reise immer wieder, was Reiki genau w\u00e4re. Es ist schwer zu beantworten. Den Reiki ist eine reine und sehr starke Energie, die man einfach bewusst nicht sehen kann. Man ersp\u00fcrt sie, man erf\u00fchlt sie und nimmt sie wahr, wenn man sich bewusst darauf einl\u00e4sst &hellip; <\/p>\n<p class=\"link-more\"><a href=\"https:\/\/lebensfragen.at\/index.php\/fernstudium-ferneinweihung\/\" class=\"more-link\"><span class=\"screen-reader-text\">\u201eReiki &#8211; Fernstudium\/Ferneinweihung\u201c <\/span>weiterlesen<\/a><\/p>\n","protected":false},"author":2,"featured_media":0,"parent":0,"menu_order":0,"comment_status":"closed","ping_status":"closed","template":"","meta":{"footnotes":""},"class_list":["post-92","page","type-page","status-publish","hentry"],"_links":{"self":[{"href":"https:\/\/lebensfragen.at\/index.php\/wp-json\/wp\/v2\/pages\/92","targetHints":{"allow":["GET"]}}],"collection":[{"href":"https:\/\/lebensfragen.at\/index.php\/wp-json\/wp\/v2\/pages"}],"about":[{"href":"https:\/\/lebensfragen.at\/index.php\/wp-json\/wp\/v2\/types\/page"}],"author":[{"embeddable":true,"href":"https:\/\/lebensfragen.at\/index.php\/wp-json\/wp\/v2\/users\/2"}],"replies":[{"embeddable":true,"href":"https:\/\/lebensfragen.at\/index.php\/wp-json\/wp\/v2\/comments?post=92"}],"version-history":[{"count":9,"href":"https:\/\/lebensfragen.at\/index.php\/wp-json\/wp\/v2\/pages\/92\/revisions"}],"predecessor-version":[{"id":420,"href":"https:\/\/lebensfragen.at\/index.php\/wp-json\/wp\/v2\/pages\/92\/revisions\/420"}],"wp:attachment":[{"href":"https:\/\/lebensfragen.at\/index.php\/wp-json\/wp\/v2\/media?parent=92"}],"curies":[{"name":"wp","href":"https:\/\/api.w.org\/{rel}","templated":true}]}}