{"id":90,"date":"2021-02-15T09:18:38","date_gmt":"2021-02-15T08:18:38","guid":{"rendered":"http:\/\/5.132.160.136\/?page_id=90"},"modified":"2023-10-18T10:28:09","modified_gmt":"2023-10-18T08:28:09","slug":"wichtige-hinweise","status":"publish","type":"page","link":"https:\/\/lebensfragen.at\/index.php\/wichtige-hinweise\/","title":{"rendered":"Wichtige Hinweise"},"content":{"rendered":"\n<p>Diese Vereinbarung musst du vor einer pers\u00f6nlichen Sitzung, Emailberatung oder auch Telefonberatung (gilt auch f\u00fcr ein Onlineservice)  durchlesen und unterschreiben bzw. eine Email\/Whatsapp Nachricht mit &#8222;Zur Kenntnis genommen&#8220; zuschicken. Erst nach dem du dies durchgelesen hast, kann ich mit dir Arbeiten, um eine v\u00f6llige Vertrauensbasis zu schaffen bzw. noch offene Fragen zu kl\u00e4ren.<\/p>\n\n\n\n<p>Ich wei\u00df es ist etwas ungew\u00f6hnlich, aber aus meiner eigenen Erfahrung heraus, entschied ich mich f\u00fcr diesen Weg &#8211; eine Vertrauensbasis zu schaffen! Meine Arbeit kann nur mit Vertrauen geschehen. Ein Vertrauen von dir zu mir und umgekehrt!<\/p>\n\n\n\n<p>Solltest du feststellen, das der Termin doch f\u00fcr dich nicht passt, du noch Zeit brauchen oder es sich f\u00fcr dich einfach nicht gut anf\u00fchlen, so bitte ich dich so ehrlich zu sein und diesen zu verschieben. Ich habe vollsten Verst\u00e4ndnis daf\u00fcr, den oft braucht unsere Seele einfach noch Zeit.<\/p>\n\n\n\n<p><\/p>\n\n\n\n<figure class=\"wp-block-image\"><img decoding=\"async\" src=\"https:\/\/lh5.googleusercontent.com\/C_ott2yVbdi1L_Cxi3MgsD9QYGu6BCC7Biczg0cLIIdbzZyjBNIBCcEQ98I3CP-9XMvVzbJEYWmyInxEEeul3OBTC-G5LrwUDLdfBjqUOkRJ4Bj5Cgp7D-la13rJVmQAyzhd75A=s0\" alt=\"\"\/><\/figure>\n\n\n\n<p><strong>Vereinbarung f\u00fcr all meine Dienstleistungen, sowohl f\u00fcr die Einzelsitzung, Telefonberatungen, Emailberatung, Onlineservice und auch Seminaren und Kurse!<\/strong><\/p>\n\n\n\n<p><em>Kontaktaufnahme<\/em><\/p>\n\n\n\n<p>Du hast die M\u00f6glichkeit mich telefonisch oder per SMS oder Whatsapp unter 0676\/62 64 810, per Email unter office@lebensfragen.at oder per<a href=\"https:\/\/www.facebook.com\/profile.php?id=100002230086238\"> Facebook<\/a> oder<a href=\"https:\/\/www.instagram.com\/kerstinvonlebensfragen\/\"> Instagram<\/a> einen Termin zu vereinbaren oder mir deine Anfrage zukommen zu lassen. Dieser Termin gilt dann sowohl f\u00fcr telefonische Beratungen, pers\u00f6nliche Termine oder Seminare\/Kurse, die zwischen uns vereinbart wurden.<\/p>\n\n\n\n<p>Nach Terminvereinbarung und Terminfixierung schickst du mir per SMS\/Whatsapp oder E Mail deine Anschrift (also vollst\u00e4ndigen Namen und Adresse) zu. Bei einer Email Anfrage erh\u00e4ltst du vor Beantwortung deiner Frage, meine Kontodaten f\u00fcr die Vorab\u00fcberweisung.&nbsp;<\/p>\n\n\n\n<p>Nach erhaltenem Zahlungseingang wird deine Frage beantwortet. Sollte ich keine Zahlung innerhalb von 3 Tagen erhalten, so wird deine Frage auch nach Ablauf der Frist von 3 Tagen wieder entfernt.<\/p>\n\n\n\n<p><em>Ausgleich\/Wertsch\u00e4tzung\/Bezahlung\/<\/em><\/p>\n\n\n\n<p>Sowohl m\u00fcndlich als auch schriftliche Anmeldungen gelten als verbindlich. Als Terminfixierung erhalte ich eine SMS\/Whatsapp mit deiner Anschrift und vollst\u00e4ndigen Namen von dir. Solltest du zu einem Termin nicht erscheinen bzw. diesen nicht einhalten k\u00f6nnen, so hast du, bis zu 2 Stunden vorab der vereinbarten Zeit, diesen bei mir, mittels SMS\/Whatsapp oder Anruf, gerne auch per Email abzusagen, ansonsten verrechne ich dir eine <strong>Aufwandsentsch\u00e4digung von 45 Euro.<\/strong>\u00a0 Auch ich behalte mir das Recht vor, sollte ein Einhalten des vereinbarten Termins, mir nicht m\u00f6glich sein \u2013 Gr\u00fcnden, die meine Familie betreffen ohne weitere Erkl\u00e4rung diesen telefonisch oder per SMS abzusagen und dir einen Ersatztermin vorschlagen zu d\u00fcrfen.<\/p>\n\n\n\n<p>Solltest du feststellen, das der Termin doch f\u00fcr dich nicht passt, du noch Zeit brauchen oder es sich f\u00fcr dich einfach nicht gut anf\u00fchlen, so bitte ich dich so ehrlich zu sein und diesen zu verschieben. Ich habe vollsten Verst\u00e4ndnis daf\u00fcr, denn oft braucht unsere Seele einfach noch Zeit.<\/p>\n\n\n\n<p><em>Verrechnung bei Einzelsitzung<\/em><\/p>\n\n\n\n<p>Meine <strong>Sitzungen finden ausschlie\u00dflich in<\/strong> <strong>Einzelsitzungen<\/strong>, das heisst mit dir alleine, wenn nicht anders vereinbart, statt. Wenn du jemanden trotzdem mitbringen m\u00f6chtest, ist dies vorab mit mir zu besprechen und zu vereinbaren, da ich keinen Wartebereich habe.<\/p>\n\n\n\n<p><strong>Die hier genannten Preise gelten pro Person f\u00fcr pers\u00f6nliche Termine!<\/strong> (Achtung Preis\u00e4nderung mit 1.11.2022)<\/p>\n\n\n\n<p class=\"has-text-align-center\"><strong>Preise pro Sitzung 88 Euro\/Stunde<\/strong><\/p>\n\n\n\n<p class=\"has-text-align-center\"><strong>jede weitere 15min kosten 22 Euro<\/strong><\/p>\n\n\n\n<p>Nat\u00fcrlich ist auch Samstag und Feiertage ein Termin m\u00f6glich, falls es bei dir nicht anders vereinbar ist! Jedoch verrechne ich dann an diesen Tagen 110 Euro\/Stunde (90 Euro\/Stunde + 20 Euro Zuschlag f\u00fcrs Samstag\/Feiertag).<\/p>\n\n\n\n<p>Keine Sonntagstermine oder telefonische Erreichbarkeit m\u00f6glich = Familientag (gerne kannst du jedoch unter office@lebensfragen.at mir eine Email schreiben. Diese wird sp\u00e4testens Montag bearbeitet und von mir beantwortet).<\/p>\n\n\n\n<p>Bei der Einzelsitzung wird der Betrag, es wird nach Zeit in der ich dir als Energie-Engel-Kanal zur Verf\u00fcgung stehe, verrechnet und am Ende der Sitzung, wenn nicht anders vereinbart, in BAR beglichen. Das hei\u00dft ich verrechne ab dem Terminvereinbarung bzw. ab dem Zeitpunkt an dem du zu mir kommst, sollte dies vor dm vereinbarten Zeit sein, bis zum Zeitpunkt, wo wir unser Gespr\u00e4ch beenden. Auch wenn du zu sp\u00e4t kommst, wird ab vereinbarten Termin verrechnet.<\/p>\n\n\n\n<p>Ich weise dich auch darauf hin, dass die Kosten nicht von der Krankenkasse \u00fcbernommen werden. Meist werden mehrere Sitzungen ben\u00f6tigt, frage mich daher bitte auch nach Paketpreisen oder einem Rabatt. F\u00fcr dich angefertigte Channelings, Skripte, Mitschriften oder E Mail Beratungen und \u00e4hnliches k\u00f6nnen nicht zur\u00fcckgegeben werden.<\/p>\n\n\n\n<p>Telefonische Beratungen finden ausschlie\u00dflich, wenn nicht anders vereinbart, unter 0676\/6264810 (verrechnet wird 1,30 Euro\/min.) Hierzu wird vorab ein Termin vereinbart und dieser ist dann auch f\u00fcr dich verbindlich einzuhalten. Solltest du diesen nicht wahrnehmen, so stelle ich dir eine Aufwandsentsch\u00e4digung von 45 Euro in Rechnung. Auch hier gilt wieder vorab eine SMS\/Whatsapp mit deiner Anschrift und Vornamen zu versenden.<\/p>\n\n\n\n<p>Bei den offiziellen Telefonberatungstagen (werden auf der Homepage bekannt gegeben) kannst du ohne weiteres im angegeben Zeitraum anrufen und deine Beratung erhalten.<\/p>\n\n\n\n<p>Fernbehandlungen und Seminare\/Kurse erfolgen gegen Vorauskasse, wenn nicht anders vereinbart.<\/p>\n\n\n\n<p>Den Ausgleich \u00fcberweist du bitte an:<\/p>\n\n\n\n<p class=\"has-text-align-center\">Kontodaten:<\/p>\n\n\n\n<p class=\"has-text-align-center\">Kerstin M\u00fcller<\/p>\n\n\n\n<p class=\"has-text-align-center\">Volksbank-Graz Bruck<\/p>\n\n\n\n<p class=\"has-text-align-center\">IBAN: AT664477000010879846<\/p>\n\n\n\n<p class=\"has-text-align-center\">BIC\/SWIFT CODE: VBOEATWWGRA<\/p>\n\n\n\n<p class=\"has-text-align-center\">Oder per PayPal unter office@lebensfragen.at<\/p>\n\n\n\n<p>Gib bitte dabei deinen Namen, die Seminarbezeichnung\/Sitzung und das Datum an. Solltest du verhindert sein, oder bei einem Seminar doch nicht teilnehmen k\u00f6nnen, so kannst du diesen bis zu 5 Tage vor dem Seminartermin absagen. Bei sp\u00e4teren Absagen, bis 12 Stunden vor dem Seminar\/Sitzungsbeginn, ist ein Ausfallbetrag von 50% der Seminar\/Sitzungsgeb\u00fchr, mit der Frist von 12 Stunden von 100 Prozent der Gesamtgeb\u00fchren zu zahlen.<\/p>\n\n\n\n<p>Fernbehandlungen\/Einweihung k\u00f6nnen bis 12 Stunden vor der Terminvereinbarung abgesagt werden. Wenn sie bereits Skripte usw. erhalten haben, ist kein ABSAGEN mehr m\u00f6glich. Zeitliche Vereinbarungen k\u00f6nnen gerne verschoben werden. Es soll f\u00fcr sie ja auch passend sein.<\/p>\n\n\n\n<p>Die Sitzungen\/Seminare finden, wenn nicht anders vereinbart, in den R\u00e4umen von lebensfragen.at Kerstin M\u00fcller, Riegersburg 126, 8333 Riegersburg statt. Die R\u00e4umlichkeiten sind mit dem Auto gut zu erreichen, das heisst auch ein Parkplatz in unserer Einfahrt bzw. Parkm\u00f6glichkeiten im Ort findest du in der n\u00e4heren Umgebung.<\/p>\n\n\n\n<p>F\u00fcr Seminare bitte ich dich eine Unterlage\/Sitzm\u00f6glichkeit mitzubringen, auch etwas zu trinken bzw. auch Socken und bequeme Kleidung zu tragen.<\/p>\n\n\n\n<p>Energie-Engel-Kanal\/Medium\/Humanenergetikerin\/Autorin\/Kartenlegerin\/spirituelle und energetische Wegbegleiterin\/Kerstin M\u00fcller\/Seminarleiterin<\/p>\n\n\n\n<p>Ich bin KEIN Lebens- oder Sozialberater, sondern stehe dir als \u201eKanal\u201c der geistigen Welt und der Engel (auch Medium oder Energiekanal sowie auch Humanenergetiker genannt &#8211; siehe<a href=\"http:\/\/www.humanenergetiker.co.at\/\"> http:\/\/www.humanenergetiker.co.at\/<\/a> zur Verf\u00fcgung.<\/p>\n\n\n\n<p>Alles was ich f\u00fcr dich erfahren darf, empfangen darf und f\u00fchle, gebe ich weiter und antworte auch nur auf deine gestellten Fragen. Ich bitte dich daher Themen und Fragen, die dich belasten, vorab schon aufzuschreiben und zum vereinbarten Termin mitzubringen. Voraussetzung f\u00fcr eine gute Zusammenarbeit ist, das du mir gegen\u00fcber offen und ehrlich bist. Es liegt an dir ob du meine Hilfe \u2013 die Antworten, die du durch mich erh\u00e4ltst, auch umsetzt oder nicht. F\u00fcr einen Termin bei mir brauchst du keinerlei spirituelle Vorkenntnisse oder musst selbst schon in diesem Bereich Erfahrung mitbringen. Ich begegne dir aus reiner Liebe und kann dir deshalb auch als Kanal zur Verf\u00fcgung stehen.<\/p>\n\n\n\n<p>Meine Arbeit als Engel-Energie-Kanal ist nicht an religi\u00f6se Glaubensrichtungen oder irgendeine \u201eSekte\u201c gebunden. F\u00fchle dich also v\u00f6llig frei in dieser Hinsicht. Es ist auch nicht mein Ansinnen, Dich in irgendwelcher Form auch immer \u201ebekehren\u201c zu wollen noch geh\u00f6re ich einer Art Sekte an.<\/p>\n\n\n\n<p>Mein Ziel ist es, dass es dir besser geht, dass du deine Antworten auf deine offenen Fragen erh\u00e4ltst und zu neuer Kraft kommst, damit deine Selbstheilungskr\u00e4fte wieder aktiviert werden. Vertrauen ist die Basis guten Zusammenarbeitens und deshalb gilt f\u00fcr mich auch die Stillschweigepflicht. Ich \u00fcbernehme keine Haftung f\u00fcr das, was du vielleicht in meine Worte oder Zeilen interpretierst oder dabei raus h\u00f6rst. Ich bin nur verantwortlich f\u00fcr das wie ich es sage, nicht f\u00fcr das, was du h\u00f6rst oder h\u00f6ren m\u00f6chtest! Ich vertraue auch hier darauf, dass auch du dir genau \u00fcberlegst, was du an 3te Personen weitererz\u00e4hlt und auch wie! Dies liegt auch im Bereich des Vertrauen! In meinen Sitzungen gibt es keine Mitschnitte oder \u00e4hnliches (Diktierger\u00e4t oder Handy und \u00e4hnliches) , da auch ich offen und ehrlich, \u00fcber mein Leben erz\u00e4hle! Dies geschieht auf Vertrauensbasis dir gegen\u00fcber.<\/p>\n\n\n\n<p>Ich verschreibe keinerlei \u201eMittelchen\u201c oder \u00e4hnliches. F\u00fcr Diagnosestellungen wende dich bitte an deinen Arzt oder Therapeuten. Meine Angebote k\u00f6nnen jedoch begleitend und erg\u00e4nzend zu therapeutischen oder \u00e4rztlichen Ma\u00dfnahmen eingesetzt werden. Ich bitte dich keinerlei Behandlungen ohne \u00e4rztliche Absprache abzubrechen und \u00fcbernehme hierbei auch keine Verantwortung f\u00fcr deine Entscheidungen.<\/p>\n\n\n\n<p>Jede Behandlung und Terminvereinbarung erfolgt auf Risiko und in Eigenverantwortung des Klienten. Ich \u00fcbernehme keinerlei Verantwortung f\u00fcr Terminvereinbarungen. Jeder entscheidet selbst, ob er einen Termin bei mir vereinbaren m\u00f6chte und ob der gesundheitliche oder psychisches Befinden es auch zul\u00e4sst. Weiteres \u00fcbernehme ich keinerlei Verantwortung \u00fcber Erwartungen des Kunden, kein Heilungsversprechen oder etwaige Folgen, die aus einer Sitzung\/Behandlung entstanden sind. Eine Haftung meinerseits wird hiermit ausdr\u00fccklich ausgeschlossen. Der Besuch bei mir erfolgt in absoluter Eigenverantwortung. Sie sind w\u00e4hrend der An- und Abreise, der Sitzung\/Seminare vollst\u00e4ndig f\u00fcr sich selbst verantwortlich.<\/p>\n\n\n\n<p>Ich behalte mir auch vor, Preise ohne Vorank\u00fcndigung \u00e4ndern zu k\u00f6nnen! <strong>(ACHTUNG Preis\u00e4nderung mit 1.11.2022)<\/strong><\/p>\n\n\n\n<p class=\"has-text-align-center\"><strong>Preise pro Sitzung 88 Euro\/Stunde<\/strong><\/p>\n\n\n\n<p class=\"has-text-align-center\"><strong>jede weitere 15min kosten 22 Euro<\/strong><\/p>\n\n\n\n<p>(ACHTUNG auch f\u00fcr telefonische Beratungen &#8211; 1,30\u20ac\/min sowie Video\/Whatsapp Beratungen 80\u20ac\/Stunde haben nun einen neuen Preis) <\/p>\n\n\n\n<p><em>Mit deiner Unterschrift und\/oder Buchung einer lebensfragen.at, Kerstin M\u00fcller Dienstleistung, erkl\u00e4rst du dich mit den Modalit\u00e4ten und Vereinbarungen, sowie Preise einverstanden.<\/em><\/p>\n\n\n\n<p>Name:________________________________________________<\/p>\n\n\n\n<p>Adresse:______________________________________________<\/p>\n\n\n\n<p>Telefon\/Email:__________________________________________<\/p>\n\n\n\n<p>Geburtsdatum:_________________________________________<\/p>\n\n\n\n<p>Unterschrift:______________________________________________<\/p>\n\n\n\n<p>Ich freue mich auf dich, Kerstin M\u00fcller \u2013 lebensfragen.at, spirituelle und energetische Wegbegleiter!<\/p>\n","protected":false},"excerpt":{"rendered":"<p>Diese Vereinbarung musst du vor einer pers\u00f6nlichen Sitzung, Emailberatung oder auch Telefonberatung (gilt auch f\u00fcr ein Onlineservice) durchlesen und unterschreiben bzw. eine Email\/Whatsapp Nachricht mit &#8222;Zur Kenntnis genommen&#8220; zuschicken. Erst nach dem du dies durchgelesen hast, kann ich mit dir Arbeiten, um eine v\u00f6llige Vertrauensbasis zu schaffen bzw. noch offene Fragen zu kl\u00e4ren. Ich wei\u00df &hellip; <\/p>\n<p class=\"link-more\"><a href=\"https:\/\/lebensfragen.at\/index.php\/wichtige-hinweise\/\" class=\"more-link\"><span class=\"screen-reader-text\">\u201eWichtige Hinweise\u201c <\/span>weiterlesen<\/a><\/p>\n","protected":false},"author":2,"featured_media":0,"parent":0,"menu_order":0,"comment_status":"closed","ping_status":"closed","template":"","meta":{"footnotes":""},"class_list":["post-90","page","type-page","status-publish","hentry"],"_links":{"self":[{"href":"https:\/\/lebensfragen.at\/index.php\/wp-json\/wp\/v2\/pages\/90","targetHints":{"allow":["GET"]}}],"collection":[{"href":"https:\/\/lebensfragen.at\/index.php\/wp-json\/wp\/v2\/pages"}],"about":[{"href":"https:\/\/lebensfragen.at\/index.php\/wp-json\/wp\/v2\/types\/page"}],"author":[{"embeddable":true,"href":"https:\/\/lebensfragen.at\/index.php\/wp-json\/wp\/v2\/users\/2"}],"replies":[{"embeddable":true,"href":"https:\/\/lebensfragen.at\/index.php\/wp-json\/wp\/v2\/comments?post=90"}],"version-history":[{"count":8,"href":"https:\/\/lebensfragen.at\/index.php\/wp-json\/wp\/v2\/pages\/90\/revisions"}],"predecessor-version":[{"id":547,"href":"https:\/\/lebensfragen.at\/index.php\/wp-json\/wp\/v2\/pages\/90\/revisions\/547"}],"wp:attachment":[{"href":"https:\/\/lebensfragen.at\/index.php\/wp-json\/wp\/v2\/media?parent=90"}],"curies":[{"name":"wp","href":"https:\/\/api.w.org\/{rel}","templated":true}]}}