{"id":87,"date":"2021-02-15T09:18:38","date_gmt":"2021-02-15T08:18:38","guid":{"rendered":"http:\/\/5.132.160.136\/?page_id=87"},"modified":"2024-07-29T17:10:34","modified_gmt":"2024-07-29T15:10:34","slug":"erreichbarkeit","status":"publish","type":"page","link":"https:\/\/lebensfragen.at\/index.php\/erreichbarkeit\/","title":{"rendered":"Erreichbarkeit"},"content":{"rendered":"\n<figure class=\"wp-block-image is-resized is-style-rounded\"><img decoding=\"async\" src=\"https:\/\/cdn.pixabay.com\/photo\/2018\/01\/11\/21\/27\/desk-3076954_960_720.jpg\" alt=\"Schreibtisch, Smartphone, Iphone, Notizbuch, Stift\" style=\"width:471px;height:313px\"\/><\/figure>\n\n\n\n<p><\/p>\n\n\n\n<p>Du erreichst mich montags &#8211; freitags von 8-12 Uhr telefonisch. Bitte sprich mir auf Band, wenn du mich nicht sofort erreichen solltest oder au\u00dferhalb dieser Zeit anrufst. Ein Anruf gen\u00fcgt. ACHTUNG: Du erh\u00e4ltst nur einen R\u00fcckruf von mir, wenn du aufs Band gesprochen und darum gebeten hast. Ich rufe dann so schnell wie m\u00f6glich zur\u00fcck. Schriftlich bin ich jederzeit unter office@lebensfragen.at erreichbar. Auch hier melde ich mich so schnell wie m\u00f6glich.&nbsp;<\/p>\n\n\n\n<p>Pers\u00f6nliche Einzelsitzungen per Video oder pers\u00f6nlich und Telefonberatungen finden <strong>NUR NACH TERMINVEREINBARUNG <\/strong>statt. Dies kannst du telefonisch unter 0676\/62 64 810 oder schriftlich unter office@lebensfragen.at, \u00fcber Whatsapp oder auch<a href=\"https:\/\/www.instagram.com\/kerstinvonlebensfragen\/\"> <strong>Instagram<\/strong><\/a> vereinbaren.<\/p>\n\n\n\n<p>F\u00fcr l\u00e4ngere und ausf\u00fchrlichere Informationen, tiefe Seelenblicke, Kartenlegen oder l\u00e4ngere Telefonate bitte ich dich, einen individuellen Termin f\u00fcr eine Telefonberatung unter 0676\/62 64 810 (Telefonberatungen finden dann f\u00fcr 1,30 Euro\/min. zu vereinbaren. Auch ich muss mich auf unseren Termin vorbereiten. Ich danke dir f\u00fcr deine Unterst\u00fctzung und Verst\u00e4ndnis.<\/p>\n\n\n\n<p>In den letzten Jahren habe ich meinen Onlineservice lieben gelernt. Ich biete deshalb auch weiterhin mein<a href=\"http:\/\/5.132.160.136\/index.php\/onlineservice\/\"> <strong>ONLINESERVICE<\/strong><\/a> f\u00fcr dich an. Das hei\u00dft, f\u00fcr mich macht es keinen Unterschied, ob du vor mir sitzt, ich mit dir telefoniere oder deine Zeilen lese. Ich arbeite ausschlie\u00dflich mit deinem Energiefluss. Somit ist es nicht notwendig, dass wir uns pers\u00f6nlich treffen oder sehen.<\/p>\n\n\n\n<p>Du kannst mich und meine Unterst\u00fctzung, also auch weiterhin telefonisch, schriftlich oder auch pers\u00f6nlich per Videochat \u00fcber Whatsapp oder auch Gmail Videokonferenz in Anspruch nehmen. Vereinbare daf\u00fcr bitte wieder einen individuellen Termin.<\/p>\n\n\n\n<p>Solltest du Fragen dazu haben oder unsicher sein, was f\u00fcr dich passend w\u00e4re, so bitte melde dich einfach.<\/p>\n\n\n\n<p><em>Ich freue mich von dir zu h\u00f6ren, zu lesen oder dich zu sehen.<\/em><\/p>\n","protected":false},"excerpt":{"rendered":"<p>Du erreichst mich montags &#8211; freitags von 8-12 Uhr telefonisch. Bitte sprich mir auf Band, wenn du mich nicht sofort erreichen solltest oder au\u00dferhalb dieser Zeit anrufst. Ein Anruf gen\u00fcgt. ACHTUNG: Du erh\u00e4ltst nur einen R\u00fcckruf von mir, wenn du aufs Band gesprochen und darum gebeten hast. Ich rufe dann so schnell wie m\u00f6glich zur\u00fcck. &hellip; <\/p>\n<p class=\"link-more\"><a href=\"https:\/\/lebensfragen.at\/index.php\/erreichbarkeit\/\" class=\"more-link\"><span class=\"screen-reader-text\">\u201eErreichbarkeit\u201c <\/span>weiterlesen<\/a><\/p>\n","protected":false},"author":2,"featured_media":0,"parent":0,"menu_order":0,"comment_status":"closed","ping_status":"closed","template":"","meta":{"footnotes":""},"class_list":["post-87","page","type-page","status-publish","hentry"],"_links":{"self":[{"href":"https:\/\/lebensfragen.at\/index.php\/wp-json\/wp\/v2\/pages\/87","targetHints":{"allow":["GET"]}}],"collection":[{"href":"https:\/\/lebensfragen.at\/index.php\/wp-json\/wp\/v2\/pages"}],"about":[{"href":"https:\/\/lebensfragen.at\/index.php\/wp-json\/wp\/v2\/types\/page"}],"author":[{"embeddable":true,"href":"https:\/\/lebensfragen.at\/index.php\/wp-json\/wp\/v2\/users\/2"}],"replies":[{"embeddable":true,"href":"https:\/\/lebensfragen.at\/index.php\/wp-json\/wp\/v2\/comments?post=87"}],"version-history":[{"count":10,"href":"https:\/\/lebensfragen.at\/index.php\/wp-json\/wp\/v2\/pages\/87\/revisions"}],"predecessor-version":[{"id":604,"href":"https:\/\/lebensfragen.at\/index.php\/wp-json\/wp\/v2\/pages\/87\/revisions\/604"}],"wp:attachment":[{"href":"https:\/\/lebensfragen.at\/index.php\/wp-json\/wp\/v2\/media?parent=87"}],"curies":[{"name":"wp","href":"https:\/\/api.w.org\/{rel}","templated":true}]}}