{"id":86,"date":"2021-02-15T09:18:38","date_gmt":"2021-02-15T08:18:38","guid":{"rendered":"http:\/\/5.132.160.136\/?page_id=86"},"modified":"2023-10-18T11:40:32","modified_gmt":"2023-10-18T09:40:32","slug":"ueber-mich","status":"publish","type":"page","link":"https:\/\/lebensfragen.at\/index.php\/ueber-mich\/","title":{"rendered":"\u00dcber Mich"},"content":{"rendered":"\n<p class=\"has-text-align-center\"><strong>Humanenergetikerin Kerstin M\u00fcller &#8211;<\/strong><\/p>\n\n\n\n<p class=\"has-text-align-center\"><strong>spirituelle und energetische Wegbegleiterin der &#8222;neuen Zeit&#8220; f\u00fcr Mensch und Tier !<\/strong><\/p>\n\n\n\n<div class=\"wp-block-columns is-layout-flex wp-container-core-columns-is-layout-9d6595d7 wp-block-columns-is-layout-flex\">\n<div class=\"wp-block-column is-layout-flow wp-block-column-is-layout-flow\" style=\"flex-basis:100%\"><div class=\"wp-block-image\">\n<figure class=\"aligncenter size-full is-resized\"><img loading=\"lazy\" decoding=\"async\" src=\"https:\/\/lebensfragen.at\/wp-content\/uploads\/2023\/10\/image-1.png\" alt=\"\" class=\"wp-image-540\" style=\"width:162px;height:162px\" width=\"162\" height=\"162\" srcset=\"https:\/\/lebensfragen.at\/wp-content\/uploads\/2023\/10\/image-1.png 320w, https:\/\/lebensfragen.at\/wp-content\/uploads\/2023\/10\/image-1-300x300.png 300w, https:\/\/lebensfragen.at\/wp-content\/uploads\/2023\/10\/image-1-150x150.png 150w, https:\/\/lebensfragen.at\/wp-content\/uploads\/2023\/10\/image-1-100x100.png 100w, https:\/\/lebensfragen.at\/wp-content\/uploads\/2023\/10\/image-1-250x250.png 250w\" sizes=\"auto, (max-width: 162px) 100vw, 162px\" \/><\/figure>\n<\/div><\/div>\n<\/div>\n\n\n\n<p>Bevor du mehr \u00fcber meine Arbeit erf\u00e4hrst, m\u00f6chte ich die Gelegenheit nutzen und mich bei dir vorstellen!<\/p>\n\n\n\n<p>Mein Name ist Kerstin und ich bin seit mehr als 10 Jahren als Humanenergetikern (Stand 2021) Was das genau ist, kannst du unter <a href=\"https:\/\/www.humanenergetiker.co.at\/\" data-type=\"URL\" data-id=\"https:\/\/www.humanenergetiker.co.at\/\">WKO Beschreibung <\/a>genauer nachlesen) in Riegersburg selbstst\u00e4ndig.<\/p>\n\n\n\n<p>Es gibt viele Namen f\u00fcr das, was ich mache. Ob Medium, spirituelle und energetische Wegbegleitung, ein Engel-Energie-Kanal, Engelbotschafterin, H\u00fcterin des Lichts, Hellseherin, Reikimeisterin uvm. F\u00fcr meine Gabe gibt es also viele Begriffe aber eigentlich beinhaltet sie nicht nur das hellsehen, hellf\u00fchlen sondern auch hellwissen! Um dir auf deinem Weg weiterhelfen zu d\u00fcrfen, benutze ich also alle meine Sinne und dar\u00fcber hinaus. Ich mag daher den Begriff Engel-Energie-Kanal oder pers\u00f6nliche Wegbegleiterin der &#8222;neuen Zeit&#8220; sehr gerne. Den ich arbeite nicht nur mit Engeln oder meinen spirituellen &#8222;Helfern&#8220;, sondern auch mit Energien, Farben und Symbolen uvm.&nbsp;&nbsp;<\/p>\n\n\n\n<p>Schon in meiner Kindheit konnte ich Energien, nicht nur von Menschen sehr deutlich sp\u00fcren, sondern auch von Gegenst\u00e4nden wahrnehmen. Auch eine intensive Verbindung zu Tieren, das Gef\u00fchl sie verstehen zu k\u00f6nnen, war immer pr\u00e4sent.&nbsp; Zu wissen was sie denken, brauchen und f\u00fchlen. Heute wei\u00df ich, das es unter den Begriff Tierkommunikation f\u00e4llt.<\/p>\n\n\n\n<p>Die Verbindung, der Energiefl\u00fcsse von anderen Menschen, meinen spirituellen Begleitern, verstorbenen Seelen und &nbsp;Engelwesen, &nbsp;waren immer pr\u00e4sent und f\u00fcr mich wahrnehmbar. Ich konnte mich schon in jungen Jahren mit den Energien anderer Menschen, aber auch mit der Geistigen Welt verbinden.<\/p>\n\n\n\n<p>F\u00fcr mich war alles LEBEN und EINS. Es stand immer alles in einer Verbindung zueinander. Ich f\u00fchlte mich nie alleine, da ich schon seit Kindheitstagen an, die Verbindung zur geistigen Welt und den lichtvollen Wesen (Geistf\u00fchrer, Schutzengel, Ahnen und sogar Krafttiere) sp\u00fcren und sehen konnte.<\/p>\n\n\n\n<p>Aber wie das Leben oft so spielt, musste ich selbst zuerst einen sehr steinigen und kraftraubenden Weg gehen, damit ich heute meine Berufung leben darf. Durch meine eigenen Schicksalsschl\u00e4ge kam ich wieder auf den spirituellen Weg und durfte meine F\u00e4higkeiten neu f\u00fcr mich entdecken und erlernen! Um meine Berufung leben zu k\u00f6nnen, musste ich, und mache ich noch immer,  zuerst meine eigenen Themen und Blockaden aufarbeiten.<\/p>\n\n\n\n<p>Ich bin aber auch Mama, von 2 wundervollen Kindern, im Alter von 12\u00a0 und 14 Jahren (Stand September 2023). Gerade durch meine Erfahrung als spirituelle und energetische Wegbegleiterin und Mama kann ich dir auch hier bei Fragen zu den Kindern der neuen Zeit \u201eberatend\u201c zur Seite stehen. <\/p>\n\n\n\n<p>Meine Arbeit mit den Kindern der neuen Zeit, beginnt bereits beim Thema Kinderwunsch. Ich kann hier also nicht nur von meinem eigenen Erfahrungen und Leben erz\u00e4hlen, sondern auch schon Kontakt zu deiner gew\u00fcnschten Kinderseele aufbauen. \u00a0Mehr dazu aber sp\u00e4ter in einem eigenen Bereich oder unter <a href=\"mailto:office@lebensfragen.at\">office@lebensfragen.at<\/a>! Habe einfach den Mut, mir zu schreiben!<\/p>\n\n\n\n<p>Meine Arbeit ist nicht immer leicht zu erkl\u00e4ren, den ich kann sowohl direkt an dir\/einem deiner Liebsten&nbsp; oder deinem Tier arbeiten, als auch \u00fcber die Ferne. Das heisst, egal ob du vor mir sitzt oder eben bei dir zuhause bist, du dich auf der Arbeit befindest oder wo immer du dich gerade auf der Welt aufhalten magst,  kann ich, wenn du mich darum bittest (hier hole ich mir so deine Erlaubnis auch ein &#8211; indem du mir schreibst oder mich anrufst) deinen Energiefluss aufnehmen, mich mit deiner Seele verbinden und dir Antworten auf deine Fragen geben. So vielseitig wie ich selbst bin, ist auch meine Arbeit. Das hei\u00dft, ich versuche ganzheitlich f\u00fcr dich und deine Fragen, Themen oder Blockaden aber auch W\u00fcnsche und Bed\u00fcrfnisse da zu sein.&nbsp;<\/p>\n\n\n\n<p>Ich brauche f\u00fcr meine Arbeit lediglich dein Alter, deinen Vornamen und deinen Familienstand, um dir deine Fragen zu beantworten. Deine Antworten kannst du in verschiedener Form erhalten. Entweder bei einem <strong>pers\u00f6nlichen Gespr\u00e4ch <\/strong>in den R\u00e4umen von lebensfragen.at in Riegersburg bzw. \u00fcber Videochat, bei einer <strong>Telefonberatung<\/strong>\u00a0oder auch gerne<strong> in schriftlicher Form per Email <\/strong>unter office@lebensfragen.at! Obwohl ich sehr vieles anbiete, suchen wir gemeinsam, das passende f\u00fcr dich aus. <\/p>\n\n\n\n<p>Was ich noch erw\u00e4hnen m\u00f6chte und muss ist, das ich dir den Weg zu einem Arzt nicht ersetze kann bzw. ich auch kein Lebens- und Sozialberater bin. Ich stehe dir lediglich mit meinen spirituellen und energetischen F\u00e4higkeiten und eigenen Erfahrungen zur Verf\u00fcgung.<\/p>\n\n\n\n<p>So nun aber genug von mir selbst. Solltest du noch Fragen zu mir und meinem spirituellen Weg haben, so bitte traue dich mir diese zu stellen. \u00a0Auf findest du einen kleinen Einblick in mein Leben auf <a href=\"https:\/\/www.instagram.com\/kerstin_lebensfragen\/\" data-type=\"URL\" data-id=\"https:\/\/www.instagram.com\/kerstinvonlebensfragen\/\">Instagram<\/a> .<\/p>\n\n\n\n<p>Ich danke dir aus tiefstem Herzen f\u00fcr die Zeit, die du dir hierf\u00fcr genommen hast. Ich freue mich darauf, dich pers\u00f6nlich kennen zulernen, von dir zu h\u00f6ren oder auch zu lesen!<\/p>\n\n\n\n<p>Bis es so weit ist, w\u00fcnsche ich dir eine wundervolle Zeit<\/p>\n\n\n\n<p> liebevolle Gr\u00fc\u00dfe<\/p>\n\n\n\n<p>deine Kerstin von lebensfragen.at<\/p>\n","protected":false},"excerpt":{"rendered":"<p>Humanenergetikerin Kerstin M\u00fcller &#8211; spirituelle und energetische Wegbegleiterin der &#8222;neuen Zeit&#8220; f\u00fcr Mensch und Tier ! Bevor du mehr \u00fcber meine Arbeit erf\u00e4hrst, m\u00f6chte ich die Gelegenheit nutzen und mich bei dir vorstellen! Mein Name ist Kerstin und ich bin seit mehr als 10 Jahren als Humanenergetikern (Stand 2021) Was das genau ist, kannst du &hellip; <\/p>\n<p class=\"link-more\"><a href=\"https:\/\/lebensfragen.at\/index.php\/ueber-mich\/\" class=\"more-link\"><span class=\"screen-reader-text\">\u201e\u00dcber Mich\u201c <\/span>weiterlesen<\/a><\/p>\n","protected":false},"author":2,"featured_media":0,"parent":0,"menu_order":0,"comment_status":"closed","ping_status":"closed","template":"","meta":{"footnotes":""},"class_list":["post-86","page","type-page","status-publish","hentry"],"_links":{"self":[{"href":"https:\/\/lebensfragen.at\/index.php\/wp-json\/wp\/v2\/pages\/86","targetHints":{"allow":["GET"]}}],"collection":[{"href":"https:\/\/lebensfragen.at\/index.php\/wp-json\/wp\/v2\/pages"}],"about":[{"href":"https:\/\/lebensfragen.at\/index.php\/wp-json\/wp\/v2\/types\/page"}],"author":[{"embeddable":true,"href":"https:\/\/lebensfragen.at\/index.php\/wp-json\/wp\/v2\/users\/2"}],"replies":[{"embeddable":true,"href":"https:\/\/lebensfragen.at\/index.php\/wp-json\/wp\/v2\/comments?post=86"}],"version-history":[{"count":11,"href":"https:\/\/lebensfragen.at\/index.php\/wp-json\/wp\/v2\/pages\/86\/revisions"}],"predecessor-version":[{"id":579,"href":"https:\/\/lebensfragen.at\/index.php\/wp-json\/wp\/v2\/pages\/86\/revisions\/579"}],"wp:attachment":[{"href":"https:\/\/lebensfragen.at\/index.php\/wp-json\/wp\/v2\/media?parent=86"}],"curies":[{"name":"wp","href":"https:\/\/api.w.org\/{rel}","templated":true}]}}