{"id":360,"date":"2021-09-14T09:45:04","date_gmt":"2021-09-14T07:45:04","guid":{"rendered":"http:\/\/lebensfragen.at\/?page_id=360"},"modified":"2023-10-18T10:23:40","modified_gmt":"2023-10-18T08:23:40","slug":"was-biete-ich-an-und-wobei-kann-ich-helfen","status":"publish","type":"page","link":"https:\/\/lebensfragen.at\/index.php\/was-biete-ich-an-und-wobei-kann-ich-helfen\/","title":{"rendered":"Was biete ich an? Und wobei kann ich helfen?"},"content":{"rendered":"\n<p class=\"has-text-align-center\"><strong><img loading=\"lazy\" decoding=\"async\" width=\"387\" height=\"257\" src=\"https:\/\/lh4.googleusercontent.com\/QwW8EnOtsr36O3rO82WS4a6o_FO3x95WwZJwwThvpsbMGWfoHbC9QsCsgc-0NFDEI2FecAyeNEsMk38cLdSoY9qU6W6agqhMSpT7Sv1pzJxrWsLVQfnaCwaNAyRHi1KRBwHYhMo=s0\"><\/strong><\/p>\n\n\n\n<p class=\"has-text-align-center\"><em>Bildquelle: pixabay.at<\/em><\/p>\n\n\n\n<p>Diese Frage wird mir immer wieder gestellt und sie ist wirklich schwer zu beantworten! Den es gibt kein Thema, keine Frage oder gar Blockade, keine Krankheit, keine Hindernisse oder Probleme des JETZT, die ich nicht mit dir gemeinsam ansehen, verstehen oder aufarbeiten kann. Egal was dich in deinem JETZT blockiert, dich aus der Vergangenheit noch belastet oder welche Fragen\/Themen sich in deinem JETZT zeigen, dich einfach auch belasten oder gar nicht loslassen wollen! Wir finden gemeinsam die Antwort\/L\u00f6sung daf\u00fcr. <\/p>\n\n\n\n<p>Durch:<\/p>\n\n\n\n<ul class=\"wp-block-list\">\n<li>R\u00fcckf\u00fchrung\/Selbstprozess &#8211; <em>eine einzigartige M\u00f6glichkeit in dein JETZT aber auch in deine Vergangenheit zu blicken.<\/em><\/li>\n\n\n\n<li>Kartenlegen<\/li>\n\n\n\n<li>Energiearbeit <\/li>\n\n\n\n<li>Chakrenreinigung<\/li>\n\n\n\n<li>Channeling\/Readings\/Jenseitskontakt<\/li>\n\n\n\n<li>Kontakt zu deinen spirituellen Wesen uvm.&nbsp;<\/li>\n<\/ul>\n\n\n\n<p>Dies k\u00f6nnen wir sowohl \u00fcber die Ferne (telefonisch oder schriftlich sowie auch als Videochat), als auch in einem pers\u00f6nlichen Termin in Riegersburg durchf\u00fchren. Ich bin f\u00fcr Mensch und Tier da.\u00a0<\/p>\n\n\n\n<p>Das heisst ich helfe und unterst\u00fctze dich auch bei deinem Tier. Durch Tierkommunikation und Energiearbeit&nbsp; behandle\/suche ich auch Tiere und gebe hier weiter was ich f\u00fcr dich empfangen darf.&nbsp;<\/p>\n\n\n\n<p>Du hast Fragen? Bist unsicher, was f\u00fcr dich das richtige w\u00e4re? In einem gemeinsamen Gespr\u00e4ch, direkt oder \u00fcber die Ferne, finden wir heraus, wie ich dir helfen kann\/darf.&nbsp;<\/p>\n\n\n\n<p><strong>Manchmal braucht man einfach nur 20 Sekunden MUT!&nbsp;<\/strong><\/p>\n\n\n\n<p>Melde dich einfach schriftlich per Whatsapp, <a href=\"https:\/\/business.facebook.com\/kerstinvonlebensfragen\/\">Facebook<\/a>, <a href=\"https:\/\/www.instagram.com\/kerstinvonlebensfragen\/\">Instagram<\/a> oder auch gerne unter office@lebensfragen.at<\/p>\n","protected":false},"excerpt":{"rendered":"<p>Bildquelle: pixabay.at Diese Frage wird mir immer wieder gestellt und sie ist wirklich schwer zu beantworten! Den es gibt kein Thema, keine Frage oder gar Blockade, keine Krankheit, keine Hindernisse oder Probleme des JETZT, die ich nicht mit dir gemeinsam ansehen, verstehen oder aufarbeiten kann. Egal was dich in deinem JETZT blockiert, dich aus der &hellip; <\/p>\n<p class=\"link-more\"><a href=\"https:\/\/lebensfragen.at\/index.php\/was-biete-ich-an-und-wobei-kann-ich-helfen\/\" class=\"more-link\"><span class=\"screen-reader-text\">\u201eWas biete ich an? Und wobei kann ich helfen?\u201c <\/span>weiterlesen<\/a><\/p>\n","protected":false},"author":2,"featured_media":0,"parent":0,"menu_order":0,"comment_status":"closed","ping_status":"closed","template":"","meta":{"footnotes":""},"class_list":["post-360","page","type-page","status-publish","hentry"],"_links":{"self":[{"href":"https:\/\/lebensfragen.at\/index.php\/wp-json\/wp\/v2\/pages\/360","targetHints":{"allow":["GET"]}}],"collection":[{"href":"https:\/\/lebensfragen.at\/index.php\/wp-json\/wp\/v2\/pages"}],"about":[{"href":"https:\/\/lebensfragen.at\/index.php\/wp-json\/wp\/v2\/types\/page"}],"author":[{"embeddable":true,"href":"https:\/\/lebensfragen.at\/index.php\/wp-json\/wp\/v2\/users\/2"}],"replies":[{"embeddable":true,"href":"https:\/\/lebensfragen.at\/index.php\/wp-json\/wp\/v2\/comments?post=360"}],"version-history":[{"count":4,"href":"https:\/\/lebensfragen.at\/index.php\/wp-json\/wp\/v2\/pages\/360\/revisions"}],"predecessor-version":[{"id":545,"href":"https:\/\/lebensfragen.at\/index.php\/wp-json\/wp\/v2\/pages\/360\/revisions\/545"}],"wp:attachment":[{"href":"https:\/\/lebensfragen.at\/index.php\/wp-json\/wp\/v2\/media?parent=360"}],"curies":[{"name":"wp","href":"https:\/\/api.w.org\/{rel}","templated":true}]}}