{"id":277,"date":"2021-02-24T10:59:36","date_gmt":"2021-02-24T09:59:36","guid":{"rendered":"http:\/\/lebensfragen.at\/?page_id=277"},"modified":"2021-02-24T11:04:26","modified_gmt":"2021-02-24T10:04:26","slug":"buchempfehlung-gelassen-durch-die-kinderwunschzeit","status":"publish","type":"page","link":"https:\/\/lebensfragen.at\/index.php\/buchempfehlung-gelassen-durch-die-kinderwunschzeit\/","title":{"rendered":"Buchempfehlung &#8222;Gelassen durch die Kinderwunschzeit&#8220;"},"content":{"rendered":"\n<p>Heute stelle ich euch das Buch <strong>&#8222;Gelassen durch die Kinderwunschzeit &#8211; Loslassen lernen und empfangen von Birgit Zart<\/strong>&#8222;<\/p>\n\n\n\n<div class=\"wp-block-image\"><figure class=\"aligncenter is-resized\"><a href=\"https:\/\/www.amazon.de\/Gelassen-durch-die-Kinderwunschzeit-Loslassen\/dp\/3720527379\/ref=sr_1_9?__mk_de_DE=%C3%85M%C3%85%C5%BD%C3%95%C3%91&amp;dchild=1&amp;keywords=kinderwunsch&amp;qid=1613818543&amp;refinements=p_7lebensfragen6%3A186721031&amp;rnid=183861031&amp;rps=1&amp;s=books&amp;sr=1-9lebensfrage08-21\"><img loading=\"lazy\" decoding=\"async\" src=\"https:\/\/images-na.ssl-images-amazon.com\/images\/I\/41IJjoV1uRL._SX351_BO1,204,203,200_.jpg\" alt=\"\" width=\"131\" height=\"185\"\/><\/a><\/figure><\/div>\n\n\n\n<p>Als ich damals selbst einen gro\u00dfen Kinderwunsch hatte, habe ich alle Emotionen, die es gibt durchlebt. Mehr als 2 Jahre hat es mir aber auch meinem Partner alles abverlangt, die Hoffnung nicht zu verlieren. Ich wei\u00df also, was du durchmachst und kann dich sehr gut verstehen. Deshalb m\u00f6chte ich dir dieses Buch ans Herz legen. Es hat mich sehr dabei unterst\u00fctzt wirklich loszulassen und so auch empfangen zu k\u00f6nnen. Mich auf meine &#8222;Kinderwunschseele&#8220; zu freuen und darauf zu vertrauen, sie empfangen zu d\u00fcrfen. <\/p>\n\n\n\n<p>Ich hoffe, dieses Buch ist auch f\u00fcr dich, eine gro\u00dfe Unterst\u00fctzung und Wegweiser, wie es f\u00fcr mich damals wahr. <\/p>\n\n\n\n<p><\/p>\n\n\n\n<p>Ich w\u00fcnsche dir alles erdenklich Liebe, bis wir uns sehen, lesen oder gar h\u00f6ren!<\/p>\n\n\n\n<p>Liebevolle Gr\u00fc\u00dfe<\/p>\n\n\n\n<p>deine Kerstin<\/p>\n","protected":false},"excerpt":{"rendered":"<p>Heute stelle ich euch das Buch &#8222;Gelassen durch die Kinderwunschzeit &#8211; Loslassen lernen und empfangen von Birgit Zart&#8222; Als ich damals selbst einen gro\u00dfen Kinderwunsch hatte, habe ich alle Emotionen, die es gibt durchlebt. Mehr als 2 Jahre hat es mir aber auch meinem Partner alles abverlangt, die Hoffnung nicht zu verlieren. Ich wei\u00df also, &hellip; <\/p>\n<p class=\"link-more\"><a href=\"https:\/\/lebensfragen.at\/index.php\/buchempfehlung-gelassen-durch-die-kinderwunschzeit\/\" class=\"more-link\"><span class=\"screen-reader-text\">\u201eBuchempfehlung &#8222;Gelassen durch die Kinderwunschzeit&#8220;\u201c <\/span>weiterlesen<\/a><\/p>\n","protected":false},"author":2,"featured_media":0,"parent":0,"menu_order":0,"comment_status":"closed","ping_status":"closed","template":"","meta":{"footnotes":""},"class_list":["post-277","page","type-page","status-publish","hentry"],"_links":{"self":[{"href":"https:\/\/lebensfragen.at\/index.php\/wp-json\/wp\/v2\/pages\/277","targetHints":{"allow":["GET"]}}],"collection":[{"href":"https:\/\/lebensfragen.at\/index.php\/wp-json\/wp\/v2\/pages"}],"about":[{"href":"https:\/\/lebensfragen.at\/index.php\/wp-json\/wp\/v2\/types\/page"}],"author":[{"embeddable":true,"href":"https:\/\/lebensfragen.at\/index.php\/wp-json\/wp\/v2\/users\/2"}],"replies":[{"embeddable":true,"href":"https:\/\/lebensfragen.at\/index.php\/wp-json\/wp\/v2\/comments?post=277"}],"version-history":[{"count":2,"href":"https:\/\/lebensfragen.at\/index.php\/wp-json\/wp\/v2\/pages\/277\/revisions"}],"predecessor-version":[{"id":282,"href":"https:\/\/lebensfragen.at\/index.php\/wp-json\/wp\/v2\/pages\/277\/revisions\/282"}],"wp:attachment":[{"href":"https:\/\/lebensfragen.at\/index.php\/wp-json\/wp\/v2\/media?parent=277"}],"curies":[{"name":"wp","href":"https:\/\/api.w.org\/{rel}","templated":true}]}}