{"id":247,"date":"2021-02-22T10:57:24","date_gmt":"2021-02-22T09:57:24","guid":{"rendered":"http:\/\/lebensfragen.at\/?page_id=247"},"modified":"2021-09-14T09:52:09","modified_gmt":"2021-09-14T07:52:09","slug":"herzlich-willkommen","status":"publish","type":"page","link":"https:\/\/lebensfragen.at\/index.php\/herzlich-willkommen\/","title":{"rendered":"Herzlich Willkommen!"},"content":{"rendered":"\n<figure class=\"wp-block-image is-resized\" id=\"block-444f5ba4-3698-40f8-a487-1be2a1c8a49f\"><img loading=\"lazy\" decoding=\"async\" src=\"http:\/\/lebensfragen.at\/wp-content\/uploads\/2021\/02\/Logo-1.png\" alt=\"Dieses Bild hat ein leeres Alt-Attribut. Der Dateiname ist Logo-1.png\" width=\"212\" height=\"185\"\/><\/figure>\n\n\n\n<p id=\"block-86039c71-efe9-4615-8834-38d9b55f6bcf\">Ich freue ich sehr, das du hierher gefunden hast. <\/p>\n\n\n\n<p id=\"block-86039c71-efe9-4615-8834-38d9b55f6bcf\">Ich w\u00fcnsche dir viel Spa\u00df beim St\u00f6bern und Lesen.<\/p>\n\n\n\n<p id=\"block-3ee20513-8a95-4b11-98d4-1bd26b9f9c00\">Melde dich einfach bei mir, wenn du Fragen hast! Ich bin f\u00fcr dich unter office@lebensfragen.at immer erreichbar!<\/p>\n\n\n\n<p id=\"block-24dea598-a017-40e6-9a4b-1c3b277bb0d8\">Liebevolle Gr\u00fc\u00dfe<\/p>\n\n\n\n<p id=\"block-24e8e305-f987-422a-9079-219cdd21ae85\">deine Kerstin von lebensfragen.at<\/p>\n","protected":false},"excerpt":{"rendered":"<p>Ich freue ich sehr, das du hierher gefunden hast. Ich w\u00fcnsche dir viel Spa\u00df beim St\u00f6bern und Lesen. Melde dich einfach bei mir, wenn du Fragen hast! Ich bin f\u00fcr dich unter office@lebensfragen.at immer erreichbar! Liebevolle Gr\u00fc\u00dfe deine Kerstin von lebensfragen.at<\/p>\n","protected":false},"author":2,"featured_media":0,"parent":0,"menu_order":0,"comment_status":"closed","ping_status":"closed","template":"","meta":{"footnotes":""},"class_list":["post-247","page","type-page","status-publish","hentry"],"_links":{"self":[{"href":"https:\/\/lebensfragen.at\/index.php\/wp-json\/wp\/v2\/pages\/247","targetHints":{"allow":["GET"]}}],"collection":[{"href":"https:\/\/lebensfragen.at\/index.php\/wp-json\/wp\/v2\/pages"}],"about":[{"href":"https:\/\/lebensfragen.at\/index.php\/wp-json\/wp\/v2\/types\/page"}],"author":[{"embeddable":true,"href":"https:\/\/lebensfragen.at\/index.php\/wp-json\/wp\/v2\/users\/2"}],"replies":[{"embeddable":true,"href":"https:\/\/lebensfragen.at\/index.php\/wp-json\/wp\/v2\/comments?post=247"}],"version-history":[{"count":3,"href":"https:\/\/lebensfragen.at\/index.php\/wp-json\/wp\/v2\/pages\/247\/revisions"}],"predecessor-version":[{"id":401,"href":"https:\/\/lebensfragen.at\/index.php\/wp-json\/wp\/v2\/pages\/247\/revisions\/401"}],"wp:attachment":[{"href":"https:\/\/lebensfragen.at\/index.php\/wp-json\/wp\/v2\/media?parent=247"}],"curies":[{"name":"wp","href":"https:\/\/api.w.org\/{rel}","templated":true}]}}