{"id":177,"date":"2021-02-16T10:44:38","date_gmt":"2021-02-16T09:44:38","guid":{"rendered":"http:\/\/5.132.160.136\/?page_id=177"},"modified":"2023-10-18T11:21:07","modified_gmt":"2023-10-18T09:21:07","slug":"4-17-grad-die-lichtgrade-grossmeister","status":"publish","type":"page","link":"https:\/\/lebensfragen.at\/index.php\/4-17-grad-die-lichtgrade-grossmeister\/","title":{"rendered":"4.-17.GRAD \u2013 DIE LICHTGRADE\/GROSSMEISTER"},"content":{"rendered":"<div class=\"wp-block-image\">\n<figure class=\"aligncenter size-large is-resized\"><img loading=\"lazy\" decoding=\"async\" src=\"https:\/\/lebensfragen.at\/wp-content\/uploads\/2023\/10\/colour-1885352_1280-1024x723.jpg\" alt=\"\" class=\"wp-image-552\" style=\"width:312px;height:220px\" width=\"312\" height=\"220\" srcset=\"https:\/\/lebensfragen.at\/wp-content\/uploads\/2023\/10\/colour-1885352_1280-1024x723.jpg 1024w, https:\/\/lebensfragen.at\/wp-content\/uploads\/2023\/10\/colour-1885352_1280-300x212.jpg 300w, https:\/\/lebensfragen.at\/wp-content\/uploads\/2023\/10\/colour-1885352_1280-768x542.jpg 768w, https:\/\/lebensfragen.at\/wp-content\/uploads\/2023\/10\/colour-1885352_1280-350x247.jpg 350w, https:\/\/lebensfragen.at\/wp-content\/uploads\/2023\/10\/colour-1885352_1280.jpg 1280w\" sizes=\"auto, (max-width: 312px) 100vw, 312px\" \/><\/figure>\n<\/div>\n\n\n<p>Diese Lichtgrade\/Grossmeistergrade sind eine Erg\u00e4nzung zum Usui Reiki System. Diese wurden von Reiki Lehrerin gechannelt und entwickelt. Du erh\u00e4lt mit jedem Grad neue Symbole und nat\u00fcrlich eine Energieanh\u00f6hung findet statt.<\/p>\n\n\n\n<p>Voraussetzung zur Einweihung ist der Meistergrad Usui Reiki (3te Grad). Du erh\u00e4ltst wieder ein Skript, sowie Begleitung durch diesen Reingungsprozess und deine Fragen.<\/p>\n\n\n\n<p>Wie bei all meinen Einweihungen stehen wir im pers\u00f6nlichen Kontakt. Wir besprechen alles sehr genau bzw. auch den Ablauf deiner Ferneinweihung. Auch beim Aufl\u00f6sen deiner gezeigten Themen w\u00e4hrend des Reinigungsprozess arbeiten wir gemeinsam auf.<\/p>\n\n\n\n<p><strong>Pro Grad und Einweihung inkl. Skript 150 Euro.<\/strong><\/p>\n","protected":false},"excerpt":{"rendered":"<p>Diese Lichtgrade\/Grossmeistergrade sind eine Erg\u00e4nzung zum Usui Reiki System. Diese wurden von Reiki Lehrerin gechannelt und entwickelt. Du erh\u00e4lt mit jedem Grad neue Symbole und nat\u00fcrlich eine Energieanh\u00f6hung findet statt. Voraussetzung zur Einweihung ist der Meistergrad Usui Reiki (3te Grad). Du erh\u00e4ltst wieder ein Skript, sowie Begleitung durch diesen Reingungsprozess und deine Fragen. Wie bei &hellip; <\/p>\n<p class=\"link-more\"><a href=\"https:\/\/lebensfragen.at\/index.php\/4-17-grad-die-lichtgrade-grossmeister\/\" class=\"more-link\"><span class=\"screen-reader-text\">\u201e4.-17.GRAD \u2013 DIE LICHTGRADE\/GROSSMEISTER\u201c <\/span>weiterlesen<\/a><\/p>\n","protected":false},"author":2,"featured_media":0,"parent":0,"menu_order":0,"comment_status":"closed","ping_status":"closed","template":"","meta":{"footnotes":""},"class_list":["post-177","page","type-page","status-publish","hentry"],"_links":{"self":[{"href":"https:\/\/lebensfragen.at\/index.php\/wp-json\/wp\/v2\/pages\/177","targetHints":{"allow":["GET"]}}],"collection":[{"href":"https:\/\/lebensfragen.at\/index.php\/wp-json\/wp\/v2\/pages"}],"about":[{"href":"https:\/\/lebensfragen.at\/index.php\/wp-json\/wp\/v2\/types\/page"}],"author":[{"embeddable":true,"href":"https:\/\/lebensfragen.at\/index.php\/wp-json\/wp\/v2\/users\/2"}],"replies":[{"embeddable":true,"href":"https:\/\/lebensfragen.at\/index.php\/wp-json\/wp\/v2\/comments?post=177"}],"version-history":[{"count":8,"href":"https:\/\/lebensfragen.at\/index.php\/wp-json\/wp\/v2\/pages\/177\/revisions"}],"predecessor-version":[{"id":570,"href":"https:\/\/lebensfragen.at\/index.php\/wp-json\/wp\/v2\/pages\/177\/revisions\/570"}],"wp:attachment":[{"href":"https:\/\/lebensfragen.at\/index.php\/wp-json\/wp\/v2\/media?parent=177"}],"curies":[{"name":"wp","href":"https:\/\/api.w.org\/{rel}","templated":true}]}}