{"id":175,"date":"2021-02-16T10:43:08","date_gmt":"2021-02-16T09:43:08","guid":{"rendered":"http:\/\/5.132.160.136\/?page_id=175"},"modified":"2023-10-18T11:25:08","modified_gmt":"2023-10-18T09:25:08","slug":"lehrerbefaehigung","status":"publish","type":"page","link":"https:\/\/lebensfragen.at\/index.php\/lehrerbefaehigung\/","title":{"rendered":"LEHRERBEF\u00c4HIGUNG"},"content":{"rendered":"\n<figure class=\"wp-block-image\"><img decoding=\"async\" src=\"https:\/\/cdn.pixabay.com\/photo\/2016\/03\/29\/00\/23\/buddha-1287228_960_720.jpg\" alt=\"Buddha, Statue, Buddhismus, Religion, Asien\"\/><\/figure>\n\n\n\n<p>Die Einweihung (du erh\u00e4ltst noch ein Symbol das dich als Lehrer bef\u00e4higt) in den Lehrergrad erfolgt unter der Voraussetzung des dritten Grad Usui Reiki. Dieser bef\u00e4higt dich dann, andere Menschen in Reiki und Energien einzuweihen und zu unterrichten.<\/p>\n\n\n\n<p>Du erh\u00e4ltst hier viele B\u00fccher, alle Skripten gesammelt in einer Mappe inkl. Unterlagen zur Weitergabe. Auch hast du hier die M\u00f6glichkeit, dich in einem Vormittagsseminar (direkt oder per Skye) zu treffen und mir all deine Fragen zu stellen bzw. gehen wir gemeinsam, den Ablauf nochmals durch.<\/p>\n\n\n\n<p>Inhalt der Einweihung ist also:<\/p>\n\n\n\n<ul class=\"wp-block-list\">\n<li>die Wiederholung der Inhalte des 1., 2. und 3. Grades, Chiballs und St. Germain (alle Unterlagen werden, wenn du dies w\u00fcnscht, dir gesammelt nochmals in einer Mappe zugesendet)<\/li>\n\n\n\n<li>Weitergabe der Methode der Reiki Einweihung des 1., 2. und 3. Grades, St. Germain sowie auch CHi Balls nach Dr. Mikao Usui<\/li>\n\n\n\n<li>B\u00fccherliste \u00fcber Seminarplanung und Ausf\u00fchrungen, St. Germain, Reiki 1.-3. Grad,<\/li>\n\n\n\n<li>B\u00fccherliste f\u00fcr Meditationen, Musik uvm.<\/li>\n<\/ul>\n\n\n\n<p>Auch hier unterst\u00fctze ich dich w\u00e4hrend deines Reinigungsprozess und deinen Erfahrungen als Lehrer. Ich bin da, wenn du mich brauchst.<\/p>\n\n\n\n<p><strong>Die Kosten hierf\u00fcr betragen 550 Euro (Skript und Unterlagen, sowie Zertifkat, inkl. Vormittagsseminar von 9-12 Uhr).<\/strong><\/p>\n","protected":false},"excerpt":{"rendered":"<p>Die Einweihung (du erh\u00e4ltst noch ein Symbol das dich als Lehrer bef\u00e4higt) in den Lehrergrad erfolgt unter der Voraussetzung des dritten Grad Usui Reiki. Dieser bef\u00e4higt dich dann, andere Menschen in Reiki und Energien einzuweihen und zu unterrichten. Du erh\u00e4ltst hier viele B\u00fccher, alle Skripten gesammelt in einer Mappe inkl. Unterlagen zur Weitergabe. Auch hast &hellip; <\/p>\n<p class=\"link-more\"><a href=\"https:\/\/lebensfragen.at\/index.php\/lehrerbefaehigung\/\" class=\"more-link\"><span class=\"screen-reader-text\">\u201eLEHRERBEF\u00c4HIGUNG\u201c <\/span>weiterlesen<\/a><\/p>\n","protected":false},"author":2,"featured_media":0,"parent":0,"menu_order":0,"comment_status":"closed","ping_status":"closed","template":"","meta":{"footnotes":""},"class_list":["post-175","page","type-page","status-publish","hentry"],"_links":{"self":[{"href":"https:\/\/lebensfragen.at\/index.php\/wp-json\/wp\/v2\/pages\/175","targetHints":{"allow":["GET"]}}],"collection":[{"href":"https:\/\/lebensfragen.at\/index.php\/wp-json\/wp\/v2\/pages"}],"about":[{"href":"https:\/\/lebensfragen.at\/index.php\/wp-json\/wp\/v2\/types\/page"}],"author":[{"embeddable":true,"href":"https:\/\/lebensfragen.at\/index.php\/wp-json\/wp\/v2\/users\/2"}],"replies":[{"embeddable":true,"href":"https:\/\/lebensfragen.at\/index.php\/wp-json\/wp\/v2\/comments?post=175"}],"version-history":[{"count":5,"href":"https:\/\/lebensfragen.at\/index.php\/wp-json\/wp\/v2\/pages\/175\/revisions"}],"predecessor-version":[{"id":572,"href":"https:\/\/lebensfragen.at\/index.php\/wp-json\/wp\/v2\/pages\/175\/revisions\/572"}],"wp:attachment":[{"href":"https:\/\/lebensfragen.at\/index.php\/wp-json\/wp\/v2\/media?parent=175"}],"curies":[{"name":"wp","href":"https:\/\/api.w.org\/{rel}","templated":true}]}}