{"id":173,"date":"2021-02-16T10:40:17","date_gmt":"2021-02-16T09:40:17","guid":{"rendered":"http:\/\/5.132.160.136\/?page_id=173"},"modified":"2023-10-18T11:20:33","modified_gmt":"2023-10-18T09:20:33","slug":"3-grad-usui-reiki","status":"publish","type":"page","link":"https:\/\/lebensfragen.at\/index.php\/3-grad-usui-reiki\/","title":{"rendered":"3. GRAD USUI REIKI"},"content":{"rendered":"\n<p class=\"has-text-align-center\"><strong>3. Grad Usui Reiki \u2013 Meistergrad<\/strong><\/p>\n\n\n<div class=\"wp-block-image is-style-rounded\">\n<figure class=\"aligncenter is-resized\"><img loading=\"lazy\" decoding=\"async\" src=\"https:\/\/cdn.pixabay.com\/photo\/2018\/09\/03\/19\/41\/nature-3652183_960_720.jpg\" alt=\"Natur, Blumen, Reiki, Heilung, Kristalle\" style=\"width:373px;height:248px\" width=\"373\" height=\"248\"\/><figcaption class=\"wp-element-caption\">Bildquelle: pixabay.at<\/figcaption><\/figure>\n<\/div>\n\n\n<p>Dieser Grad wird traditionell als Meistergrad bezeichnet. Du wirst in das Symbol Dai Komio eingeweiht. Traditionell bef\u00e4higt dieser Grad auch zur Einweihung anderer und Weitergabe von Reiki. Ich habe&nbsp; jedoch den Meister \/Lehrer Einweihung voneinander getrennt.<\/p>\n\n\n\n<p>Durch den dritten Reiki-Grad erh\u00e4ltst du nochmals eine Energieanhebung , die dein Bewusstsein f\u00fcr deine eigenen spirituellen Wesensanteile bereits er\u00f6ffnet hat und noch mehr erweitert und ausgebildet werden m\u00f6chte.<\/p>\n\n\n\n<p>&nbsp;Mit dem dritten Grad schlie\u00dft sich der Kreis des Reiki durch das vierte Symbol, das sogenannte Meistersymbol (Dai Komio). Der dritte Grad \u2013 der Reiki-Meister, ist die h\u00f6chste Stufe im Reiki-System. Alle weiteren Einweihung vom 4.-17. Grad sind Lichtsymbole und erm\u00f6glichen dir, noch mehr zu sp\u00fcren, zu erkennen, aber auch eine Energieanhebung.<\/p>\n\n\n\n<p>Bei diesem dritten Reiki-Grad bekommt der Reiki-Sch\u00fcler die Einweihung in das Reiki-Meistersymbol (\u201cDai Komio \u2013 Das gro\u00dfe Licht\u201d). Die damit zug\u00e4nglich gemachte Energie, kann den Weg zur inneren Meisterschaft weisen und dabei helfen zum \u201chell (er-) leuchtenden Menschen\u201d zu werden.<\/p>\n\n\n\n<p>Traditionell beinhaltet der Meister Grad auch die Ausbildung und Bevollm\u00e4chtigung zum Reiki-Lehrer. Ich habe diese aber geteilt. Viele meiner Sch\u00fcler haben sich dagegen entschieden, weil sie sich noch nicht so weit f\u00fchlten bzw. sich dieser Verantwortung stellen wollten. Viele hatten also den Wunsch und das Bed\u00fcrfnis, sich selbst zu entwickeln, aber nicht den Wunsch, als Reiki-Lehrer t\u00e4tig zu werden.<\/p>\n\n\n\n<p>Mit der Einweihung in den dritten Reiki-Grad sind wir nicht automatisch Meister unseres Lebens geworden. Aber er \u00f6ffnet uns, wie die beiden ersten Reiki Grade, die Tore immer mehr daf\u00fcr. \u00dcbung macht also den Meister!<\/p>\n\n\n\n<p>Zus\u00e4tzlich erh\u00e4ltst du hier eine Einweihung in die Energien des St. Germains, der es dir erm\u00f6glicht, auf das Zeichnen der Symbole zu verzichten, aber auch eine weitere Energieanhebung f\u00f6rdert.<\/p>\n\n\n\n<p><strong>Die Kosten hierf\u00fcr betragen inkl. 21 Tage intensive Begleitung w\u00e4hrend dem Reinigungsprozess, sowie Skripten und Zertifikat 440 Euro<\/strong><\/p>\n","protected":false},"excerpt":{"rendered":"<p>3. Grad Usui Reiki \u2013 Meistergrad Dieser Grad wird traditionell als Meistergrad bezeichnet. Du wirst in das Symbol Dai Komio eingeweiht. Traditionell bef\u00e4higt dieser Grad auch zur Einweihung anderer und Weitergabe von Reiki. Ich habe&nbsp; jedoch den Meister \/Lehrer Einweihung voneinander getrennt. Durch den dritten Reiki-Grad erh\u00e4ltst du nochmals eine Energieanhebung , die dein Bewusstsein &hellip; <\/p>\n<p class=\"link-more\"><a href=\"https:\/\/lebensfragen.at\/index.php\/3-grad-usui-reiki\/\" class=\"more-link\"><span class=\"screen-reader-text\">\u201e3. GRAD USUI REIKI\u201c <\/span>weiterlesen<\/a><\/p>\n","protected":false},"author":2,"featured_media":0,"parent":0,"menu_order":0,"comment_status":"closed","ping_status":"closed","template":"","meta":{"footnotes":""},"class_list":["post-173","page","type-page","status-publish","hentry"],"_links":{"self":[{"href":"https:\/\/lebensfragen.at\/index.php\/wp-json\/wp\/v2\/pages\/173","targetHints":{"allow":["GET"]}}],"collection":[{"href":"https:\/\/lebensfragen.at\/index.php\/wp-json\/wp\/v2\/pages"}],"about":[{"href":"https:\/\/lebensfragen.at\/index.php\/wp-json\/wp\/v2\/types\/page"}],"author":[{"embeddable":true,"href":"https:\/\/lebensfragen.at\/index.php\/wp-json\/wp\/v2\/users\/2"}],"replies":[{"embeddable":true,"href":"https:\/\/lebensfragen.at\/index.php\/wp-json\/wp\/v2\/comments?post=173"}],"version-history":[{"count":5,"href":"https:\/\/lebensfragen.at\/index.php\/wp-json\/wp\/v2\/pages\/173\/revisions"}],"predecessor-version":[{"id":569,"href":"https:\/\/lebensfragen.at\/index.php\/wp-json\/wp\/v2\/pages\/173\/revisions\/569"}],"wp:attachment":[{"href":"https:\/\/lebensfragen.at\/index.php\/wp-json\/wp\/v2\/media?parent=173"}],"curies":[{"name":"wp","href":"https:\/\/api.w.org\/{rel}","templated":true}]}}