{"id":169,"date":"2021-02-16T10:36:53","date_gmt":"2021-02-16T09:36:53","guid":{"rendered":"http:\/\/5.132.160.136\/?page_id=169"},"modified":"2023-10-18T10:34:51","modified_gmt":"2023-10-18T08:34:51","slug":"1-grad-usui-reiki","status":"publish","type":"page","link":"https:\/\/lebensfragen.at\/index.php\/1-grad-usui-reiki\/","title":{"rendered":"1. GRAD USUI REIKI"},"content":{"rendered":"\n<p class=\"has-text-align-left\"><strong>Der Reiki 1. Grad Kurs \u2013 auch \u201eSho Den\u201c genannt \u2013 ist der Beginn eines neuen Weges und der Erste Schritt zu deiner pers\u00f6nlichen Verwandlung.<\/strong><\/p>\n\n\n<div class=\"wp-block-image is-style-rounded\">\n<figure class=\"aligncenter is-resized\"><img loading=\"lazy\" decoding=\"async\" src=\"https:\/\/cdn.pixabay.com\/photo\/2014\/03\/11\/22\/57\/wellness-285590_960_720.jpg\" alt=\"Wellness, Massage, Reiki\" style=\"width:431px;height:287px\" width=\"431\" height=\"287\"\/><figcaption class=\"wp-element-caption\">Bildquelle: pixabay.at<\/figcaption><\/figure>\n<\/div>\n\n\n<p>Der erste Reiki Grad ist der Grundkurs. Hier werden dir wichtige Informationen, Wissen und Techniken vermittelt werden. In einer Ferneinweihung (also bei dir zuhause) erh\u00e4ltst du deine Einweihung. Die Unterlagen sowie auch das Zertifikat wird dir dann, per Email oder \u00fcber dem Postweg zugesendet.<\/p>\n\n\n\n<p>Mit deiner Einweihung in den 1. Grad ist es m\u00f6glich, dich selbst aber auch eine andere Person Direkt und eine Vollbehandlung. Des Weiteren erh\u00e4ltst du, die Grunds\u00e4tze der ganzheitlichen Heilmethode und der Lebensf\u00fchrung. Man erh\u00e4lt Richtlinien f\u00fcr das eigene Wohlbefinden und detaillierte Anweisungen dar\u00fcber, wie Reiki zur Vorbeugung von Krankheiten und zur Behandlung genutzt werden kann. Der wesentliche Aspekt ist jedoch die eigene Erfahrung!<\/p>\n\n\n\n<p>Wer in den ersten Reiki Grad eingeweiht ist, kann universelle Lebensenergie verst\u00e4rkt durch die H\u00e4nde kanalisieren. Reiki Eingeweihte k\u00f6nnen sich selbst und anderen Reiki zur Verf\u00fcgung stellen, wenn sie ihre H\u00e4nde auf oder \u00fcber einen Organismus oder K\u00f6rper legen.<\/p>\n\n\n\n<p>Im ersten Reiki Grad, wird der von Natur aus vorhandene \u201eReiki Kanal\u201c gereinigt und erweitert. Dies geschieht \u00fcber die Ferneinweihung. Ganz bequem bei dir zuhause. Keine langen Seminare, keine langweiligen Stunden \u2013 sondern wirklich nach deinem Befinden und M\u00f6glichkeiten. Mir, als deine Lehrerin ist es lieber, du probierst aus, als du liest viele Erfahrungsberichte. Ich stehe dir bei Fragen jederzeit zur Verf\u00fcgung.<\/p>\n\n\n\n<p>Au\u00dferdem werden Themen wie die Reiki Geschichte, die Reiki Lebensregeln (Lebensweisheiten), allgemeine Regeln f\u00fcr den Umgang mit Reiki, das feinstoffliche Energiesystem, etc. in einem ausf\u00fchrlichen Skript und die Selbst- und Partnerbehandlung sowohl in der Kurzform, als auch in der Ganzk\u00f6rperbehandlung \u00fcbermittelt.<\/p>\n\n\n\n<p>Durch die Einweihungen des ersten Reiki Grades, steht dem Eingeweihten, Reiki sofort f\u00fcr den Rest seines Lebens voll zur Verf\u00fcgung. Dieser kann somit sich selbst sowie anderen Menschen, Tiere und Pflanzen \u00fcber seine H\u00e4nde direkt mit Reiki behandeln und versorgen. F\u00fcr die empfohlene t\u00e4gliche Selbstbehandlung wird eine bestimmte Abfolge von Handpositionen gelehrt (im Skript detailliert aufgezeichnet und beschrieben, zum immer wieder nachlesen).<\/p>\n\n\n\n<p>Reiki Sch\u00fcler des ersten Grades, k\u00f6nnen die universelle Lebensenergie zur Verf\u00fcgung stellen, ohne sich konzentrieren oder anstrengen zu m\u00fcssen. Sie verbrauchen beim Handauflegen keine eigenen Energien. Sie sind \u201clediglich\u201d ein Kanal f\u00fcr diese ganzheitlich wirksame Energie.<\/p>\n\n\n\n<p>Jede Reiki Unterst\u00fctzung st\u00e4rkt, erh\u00f6ht und harmonisiert, sowohl die Energien des Reiki Kanals, als auch die des Reiki Empf\u00e4ngers. Somit k\u00f6nnen Krankheiten, energetische Verdichtungen oder Muster, nicht gegenseitig \u00fcbertragen werden. Mann braucht somit keinen \u201cSchutz\u201d, denn man ist dadurch, nach den Gesetzen des Universums, auf nat\u00fcrliche Weise gesch\u00fctzt.<\/p>\n\n\n\n<p>und zur Behandlung genutzt werden kann. Der wesentliche Aspekt ist jedoch die eigene Erfahrung!<\/p>\n\n\n\n<p>Nach der Einweihung erwartet dich ein Reinigungsprozess, der ca. 21 Tage andauern wird. Hier reinigt sich dein K\u00f6rper von Alltlasen, karminischen Verstrickungen und Themen, die dich noch im hier und jetzt belasten. Alles was gehen m\u00f6chte, geht. In dieser intensiven Zeit stehe ich dir nat\u00fcrlich jederzeit zur Verf\u00fcgung. Du behandelst dich w\u00e4hrend dieser Zeit t\u00e4glich selbst, um der Reiki Energie einen Raum zu geben, sich entfalten zu k\u00f6nnen und auch deinen Kanal zu verst\u00e4rken.<\/p>\n\n\n\n<p><strong>Die Kosten hierf\u00fcr inkl. 21 Tage Intensive Begleitung sowie Behandlung, wenn du dies w\u00fcnscht, Skript und Zertifkat betr\u00e4gt 220 Euro.<\/strong><\/p>\n","protected":false},"excerpt":{"rendered":"<p>Der Reiki 1. Grad Kurs \u2013 auch \u201eSho Den\u201c genannt \u2013 ist der Beginn eines neuen Weges und der Erste Schritt zu deiner pers\u00f6nlichen Verwandlung. Der erste Reiki Grad ist der Grundkurs. Hier werden dir wichtige Informationen, Wissen und Techniken vermittelt werden. In einer Ferneinweihung (also bei dir zuhause) erh\u00e4ltst du deine Einweihung. Die Unterlagen &hellip; <\/p>\n<p class=\"link-more\"><a href=\"https:\/\/lebensfragen.at\/index.php\/1-grad-usui-reiki\/\" class=\"more-link\"><span class=\"screen-reader-text\">\u201e1. GRAD USUI REIKI\u201c <\/span>weiterlesen<\/a><\/p>\n","protected":false},"author":2,"featured_media":0,"parent":0,"menu_order":0,"comment_status":"closed","ping_status":"closed","template":"","meta":{"footnotes":""},"class_list":["post-169","page","type-page","status-publish","hentry"],"_links":{"self":[{"href":"https:\/\/lebensfragen.at\/index.php\/wp-json\/wp\/v2\/pages\/169","targetHints":{"allow":["GET"]}}],"collection":[{"href":"https:\/\/lebensfragen.at\/index.php\/wp-json\/wp\/v2\/pages"}],"about":[{"href":"https:\/\/lebensfragen.at\/index.php\/wp-json\/wp\/v2\/types\/page"}],"author":[{"embeddable":true,"href":"https:\/\/lebensfragen.at\/index.php\/wp-json\/wp\/v2\/users\/2"}],"replies":[{"embeddable":true,"href":"https:\/\/lebensfragen.at\/index.php\/wp-json\/wp\/v2\/comments?post=169"}],"version-history":[{"count":4,"href":"https:\/\/lebensfragen.at\/index.php\/wp-json\/wp\/v2\/pages\/169\/revisions"}],"predecessor-version":[{"id":549,"href":"https:\/\/lebensfragen.at\/index.php\/wp-json\/wp\/v2\/pages\/169\/revisions\/549"}],"wp:attachment":[{"href":"https:\/\/lebensfragen.at\/index.php\/wp-json\/wp\/v2\/media?parent=169"}],"curies":[{"name":"wp","href":"https:\/\/api.w.org\/{rel}","templated":true}]}}