{"id":155,"date":"2021-02-16T10:05:21","date_gmt":"2021-02-16T09:05:21","guid":{"rendered":"http:\/\/5.132.160.136\/?page_id=155"},"modified":"2025-03-07T09:21:16","modified_gmt":"2025-03-07T08:21:16","slug":"onlineservice","status":"publish","type":"page","link":"https:\/\/lebensfragen.at\/index.php\/onlineservice\/","title":{"rendered":"Onlineservice"},"content":{"rendered":"\n<p><\/p>\n\n\n\n<figure class=\"wp-block-image is-style-rounded\"><img decoding=\"async\" src=\"https:\/\/cdn.pixabay.com\/photo\/2015\/12\/15\/03\/56\/macbook-1093641_960_720.jpg\" alt=\"Macbook, Iphone, Telefon, Apple, Technologie, Mobil\"\/><figcaption class=\"wp-element-caption\">Bildquelle: pixabay.at<\/figcaption><\/figure>\n\n\n\n<p><\/p>\n\n\n\n<p class=\"has-text-align-center\"><strong>Neue Herausforderungen brauchen neue Ideen. So entstand meine Idee zum <a href=\"https:\/\/lebensfragen.at\/index.php\/shop\/\" data-type=\"URL\" data-id=\"http:\/\/5.132.160.136\/index.php\/onlineservice\/\">ONLINESERVICE.<\/a> <\/strong><\/p>\n\n\n\n<p class=\"has-text-align-center\"><strong>Du kannst hier zwischen  <a href=\"https:\/\/lebensfragen.at\/index.php\/onlineservice-telefonische-wegbegleitung\/\" data-type=\"URL\" data-id=\"http:\/\/5.132.160.136\/index.php\/onlineservice-telefonische-wegbegleitung\/\">telefonisch,<\/a> <a href=\"https:\/\/lebensfragen.at\/index.php\/onlineservice-schriftliche-wegbegleitung\/\" data-type=\"URL\" data-id=\"http:\/\/5.132.160.136\/index.php\/onlineservice-schriftliche-wegbegleitung\/\">schriftlichen <\/a>oder auch <a href=\"https:\/\/lebensfragen.at\/index.php\/onlineservice-persoenliche-wegbegleitung\/\" data-type=\"URL\" data-id=\"http:\/\/5.132.160.136\/index.php\/onlineservice-persoenliche-wegbegleitung\/\">pers\u00f6nlichem<\/a> Onlineservice w\u00e4hlen!<\/strong><\/p>\n\n\n\n<p><em>Liebe Gr\u00fc\u00dfe und wenn du mich brauchst oder etwas unklar f\u00fcr dich sein sollte, so bitte melde dich einfach bei mir \ud83d\ude42 <\/em><\/p>\n\n\n\n<p><em>Deine Kerstin von lebensfragen.at<\/em><\/p>\n","protected":false},"excerpt":{"rendered":"<p>Neue Herausforderungen brauchen neue Ideen. So entstand meine Idee zum ONLINESERVICE. Du kannst hier zwischen telefonisch, schriftlichen oder auch pers\u00f6nlichem Onlineservice w\u00e4hlen! Liebe Gr\u00fc\u00dfe und wenn du mich brauchst oder etwas unklar f\u00fcr dich sein sollte, so bitte melde dich einfach bei mir \ud83d\ude42 Deine Kerstin von lebensfragen.at<\/p>\n","protected":false},"author":2,"featured_media":0,"parent":0,"menu_order":0,"comment_status":"closed","ping_status":"closed","template":"","meta":{"footnotes":""},"class_list":["post-155","page","type-page","status-publish","hentry"],"_links":{"self":[{"href":"https:\/\/lebensfragen.at\/index.php\/wp-json\/wp\/v2\/pages\/155","targetHints":{"allow":["GET"]}}],"collection":[{"href":"https:\/\/lebensfragen.at\/index.php\/wp-json\/wp\/v2\/pages"}],"about":[{"href":"https:\/\/lebensfragen.at\/index.php\/wp-json\/wp\/v2\/types\/page"}],"author":[{"embeddable":true,"href":"https:\/\/lebensfragen.at\/index.php\/wp-json\/wp\/v2\/users\/2"}],"replies":[{"embeddable":true,"href":"https:\/\/lebensfragen.at\/index.php\/wp-json\/wp\/v2\/comments?post=155"}],"version-history":[{"count":4,"href":"https:\/\/lebensfragen.at\/index.php\/wp-json\/wp\/v2\/pages\/155\/revisions"}],"predecessor-version":[{"id":626,"href":"https:\/\/lebensfragen.at\/index.php\/wp-json\/wp\/v2\/pages\/155\/revisions\/626"}],"wp:attachment":[{"href":"https:\/\/lebensfragen.at\/index.php\/wp-json\/wp\/v2\/media?parent=155"}],"curies":[{"name":"wp","href":"https:\/\/api.w.org\/{rel}","templated":true}]}}