{"id":150,"date":"2021-02-16T10:00:24","date_gmt":"2021-02-16T09:00:24","guid":{"rendered":"http:\/\/5.132.160.136\/?page_id=150"},"modified":"2023-10-18T11:27:07","modified_gmt":"2023-10-18T09:27:07","slug":"onlineservice-telefonische-wegbegleitung","status":"publish","type":"page","link":"https:\/\/lebensfragen.at\/index.php\/onlineservice-telefonische-wegbegleitung\/","title":{"rendered":"Onlineservice &#8211; telefonische Wegbegleitung"},"content":{"rendered":"<div class=\"wp-block-image is-style-rounded\">\n<figure class=\"aligncenter is-resized\"><img loading=\"lazy\" decoding=\"async\" src=\"https:\/\/cdn.pixabay.com\/photo\/2014\/10\/23\/16\/58\/phone-499991_960_720.jpg\" alt=\"Telefon, W\u00e4hlscheibe, Alt, Arrangement, Nostalgisch\" style=\"width:391px;height:260px\" width=\"391\" height=\"260\"\/><figcaption class=\"wp-element-caption\">Bildquelle: pixabay.at<\/figcaption><\/figure>\n<\/div>\n\n\n<p>Wenn du lieber eine telefonische Wegbegleitung m\u00f6chtest, so bitte ich dich einen Termin unter 0676\/62 64 810 oder  schriftlich per office@lebensfragen.at oder Whatsapp zu vereinbaren.&nbsp;<\/p>\n\n\n\n<p>Eine telefonische Wegbegleitung wird im Nachhinein (pro Telefonminute 1,30 Euro) verrechnet. Hierzu ist es wichtig mit deine Daten, also deinen vollst\u00e4ndigen Namen und Adresse vorab per SMS oder Whatsapp Nachricht zu kommen zu lassen. Erst ab dem Erhalt deiner Daten, ist dir dein Termin sicher. Dieser wird nach Erhalt von deinen Daten von mir nochmals best\u00e4tigt. <\/p>\n\n\n\n<p><strong>WICHTIG:<\/strong>\u00a0 DU hast bis zu 2 Stunden vorher Zeit deinen Termin schriftlich, per Whatsapp oder SMS, ohne Gr\u00fcnde abzusagen. Sollte ich nichts von dir h\u00f6ren, so verrechne ich\u00a0<strong>45 Euro Aufwandsentsch\u00e4digung<\/strong>\u00a0von dir, welche dir als Rechnung nachhause geschickt wird.\u00a0<\/p>\n\n\n\n<p>Ich danke dir f\u00fcr dein Verst\u00e4ndnis und freue mich von dir zu h\u00f6ren oder zu lesen.<\/p>\n","protected":false},"excerpt":{"rendered":"<p>Wenn du lieber eine telefonische Wegbegleitung m\u00f6chtest, so bitte ich dich einen Termin unter 0676\/62 64 810 oder schriftlich per office@lebensfragen.at oder Whatsapp zu vereinbaren.&nbsp; Eine telefonische Wegbegleitung wird im Nachhinein (pro Telefonminute 1,30 Euro) verrechnet. Hierzu ist es wichtig mit deine Daten, also deinen vollst\u00e4ndigen Namen und Adresse vorab per SMS oder Whatsapp Nachricht &hellip; <\/p>\n<p class=\"link-more\"><a href=\"https:\/\/lebensfragen.at\/index.php\/onlineservice-telefonische-wegbegleitung\/\" class=\"more-link\"><span class=\"screen-reader-text\">\u201eOnlineservice &#8211; telefonische Wegbegleitung\u201c <\/span>weiterlesen<\/a><\/p>\n","protected":false},"author":2,"featured_media":0,"parent":0,"menu_order":0,"comment_status":"closed","ping_status":"closed","template":"","meta":{"footnotes":""},"class_list":["post-150","page","type-page","status-publish","hentry"],"_links":{"self":[{"href":"https:\/\/lebensfragen.at\/index.php\/wp-json\/wp\/v2\/pages\/150","targetHints":{"allow":["GET"]}}],"collection":[{"href":"https:\/\/lebensfragen.at\/index.php\/wp-json\/wp\/v2\/pages"}],"about":[{"href":"https:\/\/lebensfragen.at\/index.php\/wp-json\/wp\/v2\/types\/page"}],"author":[{"embeddable":true,"href":"https:\/\/lebensfragen.at\/index.php\/wp-json\/wp\/v2\/users\/2"}],"replies":[{"embeddable":true,"href":"https:\/\/lebensfragen.at\/index.php\/wp-json\/wp\/v2\/comments?post=150"}],"version-history":[{"count":4,"href":"https:\/\/lebensfragen.at\/index.php\/wp-json\/wp\/v2\/pages\/150\/revisions"}],"predecessor-version":[{"id":574,"href":"https:\/\/lebensfragen.at\/index.php\/wp-json\/wp\/v2\/pages\/150\/revisions\/574"}],"wp:attachment":[{"href":"https:\/\/lebensfragen.at\/index.php\/wp-json\/wp\/v2\/media?parent=150"}],"curies":[{"name":"wp","href":"https:\/\/api.w.org\/{rel}","templated":true}]}}