{"id":148,"date":"2021-02-16T09:47:22","date_gmt":"2021-02-16T08:47:22","guid":{"rendered":"http:\/\/5.132.160.136\/?page_id=148"},"modified":"2023-10-18T11:26:31","modified_gmt":"2023-10-18T09:26:31","slug":"onlineservice-schriftliche-wegbegleitung","status":"publish","type":"page","link":"https:\/\/lebensfragen.at\/index.php\/onlineservice-schriftliche-wegbegleitung\/","title":{"rendered":"Onlineservice &#8211; schriftliche Wegbegleitung"},"content":{"rendered":"<div class=\"wp-block-image is-style-rounded\">\n<figure class=\"aligncenter is-resized\"><img loading=\"lazy\" decoding=\"async\" src=\"https:\/\/cdn.pixabay.com\/photo\/2018\/03\/18\/19\/09\/feather-3237961_960_720.jpg\" alt=\"Feder, Schreiben, Kommunizieren, Kommunikation, Brief\" style=\"width:363px;height:242px\" width=\"363\" height=\"242\"\/><figcaption class=\"wp-element-caption\">Bildquelle: Pixabay.at<\/figcaption><\/figure>\n<\/div>\n\n\n<p><\/p>\n\n\n\n<p><em>All meine Dienstleistungen, k\u00f6nnen sowie auch die Emailberatung in schriftlicher Form erfolgen. Das hei\u00dft, du kannst mir deine Fragen per Email zusenden bzw. eine Dienstleistung im Lebensfragen.at SHOP buchen.<\/em><\/p>\n\n\n\n<p><em>Ich pers\u00f6nlich liebe diesen Online Service. Denn du erh\u00e4ltst hier etwas, wo du selbst immer wieder nachlesen kannst, neue Botschaften f\u00fcr dich entdecken wirst oder dich damit besch\u00e4ftigen kannst, wann immer du m\u00f6chtest oder es dir nicht gut gehen mag. Hier k\u00f6nnen wir alles einbauen und reinflie\u00dfen lassen, damit du dich im JETZT wieder frei und energiegeladener f\u00fchlst. Egal was dich also belastet &#8211; melde dich einfach unter office@lebensfragen.at!<\/em><\/p>\n\n\n\n<p><em>Diese \u201eSchriftliche Wegbegleitung\u201c erh\u00e4ltst du auf Wunsch per Post (+ Versandkosten 6,90 Euro) oder per E-Mail zugesendet.<\/em><\/p>\n\n\n\n<p><em>F\u00fcr mich macht es keinen Unterschied, ob ich dich pers\u00f6nlich oder \u00fcber die Ferne durch deine Worte, deine Zeilen, ein Foto oder deiner Stimme wahrnehme. Ich arbeite ausschlie\u00dflich mit deinem Energiefluss.<\/em><\/p>\n\n\n\n<p><em>Deshalb l\u00e4sst sich meine Arbeit schwer erkl\u00e4ren oder gar f\u00fcr mich trennen.&nbsp; Ich versuche dir im HIER UND JETZT zu helfen und dir weiterzugeben, was du JETZT brauchst. Deshalb wundere dich bitte nicht, wenn ich anders arbeite, als von dir vielleicht erdacht oder gar erwartet.&nbsp; Bitte bleibe einfach offen f\u00fcr das, was kommen m\u00f6chte.<\/em><\/p>\n\n\n\n<p><em>Aber genauer informiere ich dich dann bei unserem schriftlichen Austausch. Bitte lese dir auch die<\/em><a href=\"http:\/\/lebensfragen.at\/index.php\/wichtige-hinweise\/\"><em> <\/em><em>HINWEISE<\/em><\/a><em> vorab durch.&nbsp;<\/em><em>Solltest du Fragen haben oder unsicher sein, welches Angebot f\u00fcr dich das Richtige ist, so bitte melde dich einfach unter <\/em><strong><em>office@lebensfragen.at<\/em><\/strong><em>!<\/em><\/p>\n","protected":false},"excerpt":{"rendered":"<p>All meine Dienstleistungen, k\u00f6nnen sowie auch die Emailberatung in schriftlicher Form erfolgen. Das hei\u00dft, du kannst mir deine Fragen per Email zusenden bzw. eine Dienstleistung im Lebensfragen.at SHOP buchen. Ich pers\u00f6nlich liebe diesen Online Service. Denn du erh\u00e4ltst hier etwas, wo du selbst immer wieder nachlesen kannst, neue Botschaften f\u00fcr dich entdecken wirst oder dich &hellip; <\/p>\n<p class=\"link-more\"><a href=\"https:\/\/lebensfragen.at\/index.php\/onlineservice-schriftliche-wegbegleitung\/\" class=\"more-link\"><span class=\"screen-reader-text\">\u201eOnlineservice &#8211; schriftliche Wegbegleitung\u201c <\/span>weiterlesen<\/a><\/p>\n","protected":false},"author":2,"featured_media":0,"parent":0,"menu_order":0,"comment_status":"closed","ping_status":"closed","template":"","meta":{"footnotes":""},"class_list":["post-148","page","type-page","status-publish","hentry"],"_links":{"self":[{"href":"https:\/\/lebensfragen.at\/index.php\/wp-json\/wp\/v2\/pages\/148","targetHints":{"allow":["GET"]}}],"collection":[{"href":"https:\/\/lebensfragen.at\/index.php\/wp-json\/wp\/v2\/pages"}],"about":[{"href":"https:\/\/lebensfragen.at\/index.php\/wp-json\/wp\/v2\/types\/page"}],"author":[{"embeddable":true,"href":"https:\/\/lebensfragen.at\/index.php\/wp-json\/wp\/v2\/users\/2"}],"replies":[{"embeddable":true,"href":"https:\/\/lebensfragen.at\/index.php\/wp-json\/wp\/v2\/comments?post=148"}],"version-history":[{"count":4,"href":"https:\/\/lebensfragen.at\/index.php\/wp-json\/wp\/v2\/pages\/148\/revisions"}],"predecessor-version":[{"id":573,"href":"https:\/\/lebensfragen.at\/index.php\/wp-json\/wp\/v2\/pages\/148\/revisions\/573"}],"wp:attachment":[{"href":"https:\/\/lebensfragen.at\/index.php\/wp-json\/wp\/v2\/media?parent=148"}],"curies":[{"name":"wp","href":"https:\/\/api.w.org\/{rel}","templated":true}]}}