{"id":129,"date":"2021-02-15T10:49:58","date_gmt":"2021-02-15T09:49:58","guid":{"rendered":"http:\/\/5.132.160.136\/?page_id=129"},"modified":"2021-02-16T10:12:57","modified_gmt":"2021-02-16T09:12:57","slug":"energie-zeitausgleich","status":"publish","type":"page","link":"https:\/\/lebensfragen.at\/index.php\/erreichbarkeit\/energie-zeitausgleich\/","title":{"rendered":"Energie- Zeitausgleich"},"content":{"rendered":"\n<div class=\"wp-block-image is-style-rounded\"><figure class=\"aligncenter is-resized\"><img loading=\"lazy\" decoding=\"async\" src=\"https:\/\/cdn.pixabay.com\/photo\/2017\/04\/09\/09\/56\/avenue-2215317_960_720.jpg\" alt=\"Allee, B\u00e4ume, Weg, Spazieren, Gr\u00fcn, Natur, Park\" width=\"411\" height=\"273\"\/><\/figure><\/div>\n\n\n\n<p class=\"has-text-align-center\"><em>Bildquelle: pixabay.at<\/em><\/p>\n\n\n\n<p><em>Bevor wir ins Detail gehen, m\u00f6chte ich das du wei\u00dft, egal f\u00fcr welches Angebot, du dich entscheidest, ich verrechne ausschlie\u00dflich nach <\/em><strong><em>Zeit<\/em><\/strong><em> und nicht nach Leistung!<\/em><\/p>\n\n\n\n<p><em>Solltest du dir meine Angebote nicht leisten k\u00f6nnen, so bitte ich dich mich per <\/em><a href=\"mailto:office@lebensfragen.at\"><em><strong>office@lebensfragen.a<\/strong>t<\/em><\/a><em> dar\u00fcber zu informieren. Wir finden auch hier eine L\u00f6sung!<\/em><\/p>\n\n\n\n<p>Meine Arbeit kann sowohl \u00fcber die Ferne, per Telefon, in schriftlicher Form per Email oder dem Postweg (+ Versand wird verrechnet) aber nat\u00fcrlich auch pers\u00f6nlich in Anspruch genommen werden. F\u00fcr mich macht es keinen Unterschied, den ich verbinde mich mit deinem Energiefluss. So entscheide DU selbst, welche Form f\u00fcr dich stimmiger ist und du dich wohler f\u00fchlst.<\/p>\n\n\n\n<h1 class=\"has-text-align-center wp-block-heading\"><strong><em>Ich m\u00f6chte nur das du wei\u00dft: &nbsp;Entfernung sollte keine H\u00fcrde f\u00fcr unsere gemeinsame Arbeit sein!<\/em><\/strong><\/h1>\n\n\n\n<p><\/p>\n\n\n\n<p><strong><em>W\u00e4hle nun zwischen <a href=\"http:\/\/5.132.160.136\/index.php\/onlineservice-telefonische-wegbegleitung\/\" data-type=\"URL\" data-id=\"http:\/\/5.132.160.136\/index.php\/onlineservice-telefonische-wegbegleitung\/\">telefonisch<\/a>, <a href=\"http:\/\/5.132.160.136\/index.php\/onlineservice-schriftliche-wegbegleitung\/\" data-type=\"URL\" data-id=\"http:\/\/5.132.160.136\/index.php\/onlineservice-schriftliche-wegbegleitung\/\">schriftlich<\/a> und <a href=\"http:\/\/5.132.160.136\/index.php\/onlineservice-persoenliche-wegbegleitung\/\" data-type=\"URL\" data-id=\"http:\/\/5.132.160.136\/index.php\/onlineservice-persoenliche-wegbegleitung\/\">pers\u00f6nlich<\/a><\/em><\/strong><em><strong> Wegbegleitung!<\/strong><\/em><\/p>\n","protected":false},"excerpt":{"rendered":"<p>Bildquelle: pixabay.at Bevor wir ins Detail gehen, m\u00f6chte ich das du wei\u00dft, egal f\u00fcr welches Angebot, du dich entscheidest, ich verrechne ausschlie\u00dflich nach Zeit und nicht nach Leistung! Solltest du dir meine Angebote nicht leisten k\u00f6nnen, so bitte ich dich mich per office@lebensfragen.at dar\u00fcber zu informieren. Wir finden auch hier eine L\u00f6sung! Meine Arbeit kann &hellip; <\/p>\n<p class=\"link-more\"><a href=\"https:\/\/lebensfragen.at\/index.php\/erreichbarkeit\/energie-zeitausgleich\/\" class=\"more-link\"><span class=\"screen-reader-text\">\u201eEnergie- Zeitausgleich\u201c <\/span>weiterlesen<\/a><\/p>\n","protected":false},"author":2,"featured_media":0,"parent":87,"menu_order":0,"comment_status":"closed","ping_status":"closed","template":"","meta":{"footnotes":""},"class_list":["post-129","page","type-page","status-publish","hentry"],"_links":{"self":[{"href":"https:\/\/lebensfragen.at\/index.php\/wp-json\/wp\/v2\/pages\/129","targetHints":{"allow":["GET"]}}],"collection":[{"href":"https:\/\/lebensfragen.at\/index.php\/wp-json\/wp\/v2\/pages"}],"about":[{"href":"https:\/\/lebensfragen.at\/index.php\/wp-json\/wp\/v2\/types\/page"}],"author":[{"embeddable":true,"href":"https:\/\/lebensfragen.at\/index.php\/wp-json\/wp\/v2\/users\/2"}],"replies":[{"embeddable":true,"href":"https:\/\/lebensfragen.at\/index.php\/wp-json\/wp\/v2\/comments?post=129"}],"version-history":[{"count":4,"href":"https:\/\/lebensfragen.at\/index.php\/wp-json\/wp\/v2\/pages\/129\/revisions"}],"predecessor-version":[{"id":165,"href":"https:\/\/lebensfragen.at\/index.php\/wp-json\/wp\/v2\/pages\/129\/revisions\/165"}],"up":[{"embeddable":true,"href":"https:\/\/lebensfragen.at\/index.php\/wp-json\/wp\/v2\/pages\/87"}],"wp:attachment":[{"href":"https:\/\/lebensfragen.at\/index.php\/wp-json\/wp\/v2\/media?parent=129"}],"curies":[{"name":"wp","href":"https:\/\/api.w.org\/{rel}","templated":true}]}}